{"id":9377,"date":"2018-08-14T11:14:26","date_gmt":"2018-08-14T09:14:26","guid":{"rendered":"http:\/\/tomrabe.kinsta.cloud\/eco-wall\/"},"modified":"2022-11-25T16:05:09","modified_gmt":"2022-11-25T15:05:09","slug":"eco-wall","status":"publish","type":"page","link":"https:\/\/tomra.be\/fr\/produits\/machines-frontales\/eco-wall\/","title":{"rendered":"ECO-Wall"},"content":{"rendered":"\n<h1>\n\t\tECO-Wall: syst\u00e8me de collecte\n\t<\/h1>\n\t<p>L&#8217;ECO-Wall T9 se positionne parfaitement \u00e0 c\u00f4t\u00e9 de <a href=\"https:\/\/tomra.be\/fr\/produits\/\">l&#8217;automate<\/a> T9 pour la reprise des emballages. Ensemble, ils permettent aux clients de rapporter tous les d\u00e9chets recyclables ou non \u00e0 un m\u00eame point. Le design peut \u00eatre adapt\u00e9 \u00e0 la propre charte graphique du magasin.<\/p>\n\t\t\t<a href=\"https:\/\/tomra.be\/wp-content\/uploads\/2022\/06\/ECO-Wall_T-9_BEFR_DS.pdf\" target=\"_self\" role=\"button\" rel=\"noopener\">\n\t\t\t\t\t\tT\u00c9L\u00c9CHARGER LEAFLET\n\t\t\t\t\t<\/a>\n\t\t\t\t<img loading=\"lazy\" decoding=\"async\" src=\"https:\/\/tomra.be\/wp-content\/uploads\/2022\/11\/ECO-Wall-BE-naast-T9-leeggoedautomaat.png\" alt=\"ECO-Wall BE naast T9 leeggoedautomaat\" itemprop=\"image\" height=\"2640\" width=\"3210\" title=\"ECO-Wall BE naast T9 leeggoedautomaat\" onerror=\"this.style.display='none'\"  \/>\n<h2>\n\t\tComposition de votre choix\n\t<\/h2>\n\t<p>Il est possible de concevoir l&#8217;ECO-Wall comme vous le souhaitez, ce qui vous permet de choisir d&#8217;office entre trois plaques interm\u00e9diaires diff\u00e9rentes. Ainsi, vous pouvez choisir vous-m\u00eame combien et quels mat\u00e9riaux peuvent \u00eatre repris. Les trous ronds sont \u00e0 utiliser pour de petites fractions comme les piles, le fer-blanc, les cartouches, les ampoules \u00e9conomiques et les t\u00e9l\u00e9phones. L&#8217;abattant carr\u00e9 est adapt\u00e9 pour des mat\u00e9riaux plus grands tels que les d\u00e9chets \u00e9lectroniques, l&#8217;huile de friture, les v\u00eatements et les d\u00e9chets r\u00e9siduels.<\/p>\n\t\t\t\t<img loading=\"lazy\" decoding=\"async\" src=\"https:\/\/tomra.be\/wp-content\/uploads\/2018\/08\/Tussenplaat-klep.png\" alt=\"Plaque interm\u00e9diaire\" itemprop=\"image\" height=\"800\" width=\"800\" title=\"Plaque interm\u00e9diaire\" onerror=\"this.style.display='none'\"  \/>\n<h3>\n\t\tUne fraction\n\t<\/h3>\n\t\t\t\t<img loading=\"lazy\" decoding=\"async\" src=\"https:\/\/tomra.be\/wp-content\/uploads\/2018\/08\/Tussenplaat-2-gaten.png\" alt=\"Plaque interm\u00e9diaire 4 trous\" itemprop=\"image\" height=\"800\" width=\"800\" title=\"Plaque interm\u00e9diaire 4 trous\" onerror=\"this.style.display='none'\"  \/>\n<h3>\n\t\tDeux fractions\n\t<\/h3>\n\t\t\t\t<img loading=\"lazy\" decoding=\"async\" src=\"https:\/\/tomra.be\/wp-content\/uploads\/2018\/08\/Tussenplaat-4-gaten.png\" alt=\"Plaque interm\u00e9diaire 4 trous\" itemprop=\"image\" height=\"800\" width=\"800\" title=\"Plaque interm\u00e9diaire 4 trous\" onerror=\"this.style.display='none'\"  \/>\n<h3>\n\t\tQuatre fractions\n\t<\/h3>\n\t<h2>En savoir plus?<\/h2>\n\t\t\t<a href=\"https:\/\/tomra.be\/fr\/contact\/\" target=\"_self\" role=\"button\" rel=\"noopener\">\n\t\t\t\t\t\t\tCONTACTEZ-NOUS\n\t\t\t<\/a>\n\n","protected":false},"excerpt":{"rendered":"<p>ECO-Wall: syst\u00e8me de collecte L&#8217;ECO-Wall T9 se positionne parfaitement \u00e0 c\u00f4t\u00e9 de l&#8217;automate T9 pour la reprise des emballages. Ensemble, ils permettent aux clients de rapporter tous les d\u00e9chets recyclables ou non \u00e0 un m\u00eame point. Le design peut \u00eatre adapt\u00e9 \u00e0 la propre charte graphique du magasin. T\u00c9L\u00c9CHARGER LEAFLET Composition de votre choix Il&hellip;<\/p>\n","protected":false},"author":22,"featured_media":0,"parent":9253,"menu_order":0,"comment_status":"closed","ping_status":"closed","template":"","meta":{"_acf_changed":false,"footnotes":""},"class_list":["post-9377","page","type-page","status-publish","hentry"],"acf":[],"yoast_head":"<!-- This site is optimized with the Yoast SEO plugin v25.3.1 - https:\/\/yoast.com\/wordpress\/plugins\/seo\/ -->\n<title>ECO-Wall | Machine reprise vidanges | TOMRA Systems N.V.<\/title>\n<meta name=\"description\" content=\"L\u2019ECO-Wall T9 se positionne parfaitement \u00e0 c\u00f4t\u00e9 de l\u2019automate T9 pour la reprise des emballages. Ensemble, ils permettent aux clients de rapporter tous les d\u00e9chets recyclables ou non \u00e0 un m\u00eame point.\" \/>\n<meta name=\"robots\" content=\"index, follow, max-snippet:-1, max-image-preview:large, max-video-preview:-1\" \/>\n<link rel=\"canonical\" href=\"https:\/\/tomra.be\/fr\/produits\/machines-frontales\/eco-wall\/\" \/>\n<meta property=\"og:locale\" content=\"fr_FR\" \/>\n<meta property=\"og:type\" content=\"article\" \/>\n<meta property=\"og:title\" content=\"ECO-Wall | Machine reprise vidanges | TOMRA Systems N.V.\" \/>\n<meta property=\"og:description\" content=\"L\u2019ECO-Wall T9 se positionne parfaitement \u00e0 c\u00f4t\u00e9 de l\u2019automate T9 pour la reprise des emballages. Ensemble, ils permettent aux clients de rapporter tous les d\u00e9chets recyclables ou non \u00e0 un m\u00eame point.\" \/>\n<meta property=\"og:url\" content=\"https:\/\/tomra.be\/fr\/produits\/machines-frontales\/eco-wall\/\" \/>\n<meta property=\"og:site_name\" content=\"TOMRA Collection Belgi\u00eb\" \/>\n<meta property=\"article:modified_time\" content=\"2022-11-25T15:05:09+00:00\" \/>\n<meta property=\"og:image\" content=\"https:\/\/tomra.be\/wp-content\/uploads\/2022\/11\/ECO-Wall-BE-naast-T9-leeggoedautomaat.png\" \/>\n<meta name=\"twitter:card\" content=\"summary_large_image\" \/>\n<meta name=\"twitter:label1\" content=\"Est. reading time\" \/>\n\t<meta name=\"twitter:data1\" content=\"2 minutes\" \/>\n<script type=\"application\/ld+json\" class=\"yoast-schema-graph\">{\"@context\":\"https:\/\/schema.org\",\"@graph\":[{\"@type\":\"WebPage\",\"@id\":\"https:\/\/tomra.be\/fr\/produits\/machines-frontales\/eco-wall\/\",\"url\":\"https:\/\/tomra.be\/fr\/produits\/machines-frontales\/eco-wall\/\",\"name\":\"ECO-Wall | Machine reprise vidanges | TOMRA Systems N.V.\",\"isPartOf\":{\"@id\":\"https:\/\/tomra.be\/#website\"},\"primaryImageOfPage\":{\"@id\":\"https:\/\/tomra.be\/fr\/produits\/machines-frontales\/eco-wall\/#primaryimage\"},\"image\":{\"@id\":\"https:\/\/tomra.be\/fr\/produits\/machines-frontales\/eco-wall\/#primaryimage\"},\"thumbnailUrl\":\"https:\/\/tomra.be\/wp-content\/uploads\/2022\/11\/ECO-Wall-BE-naast-T9-leeggoedautomaat.png\",\"datePublished\":\"2018-08-14T09:14:26+00:00\",\"dateModified\":\"2022-11-25T15:05:09+00:00\",\"description\":\"L\u2019ECO-Wall T9 se positionne parfaitement \u00e0 c\u00f4t\u00e9 de l\u2019automate T9 pour la reprise des emballages. Ensemble, ils permettent aux clients de rapporter tous les d\u00e9chets recyclables ou non \u00e0 un m\u00eame point.\",\"breadcrumb\":{\"@id\":\"https:\/\/tomra.be\/fr\/produits\/machines-frontales\/eco-wall\/#breadcrumb\"},\"inLanguage\":\"fr-FR\",\"potentialAction\":[{\"@type\":\"ReadAction\",\"target\":[\"https:\/\/tomra.be\/fr\/produits\/machines-frontales\/eco-wall\/\"]}]},{\"@type\":\"ImageObject\",\"inLanguage\":\"fr-FR\",\"@id\":\"https:\/\/tomra.be\/fr\/produits\/machines-frontales\/eco-wall\/#primaryimage\",\"url\":\"https:\/\/tomra.be\/wp-content\/uploads\/2022\/11\/ECO-Wall-BE-naast-T9-leeggoedautomaat.png\",\"contentUrl\":\"https:\/\/tomra.be\/wp-content\/uploads\/2022\/11\/ECO-Wall-BE-naast-T9-leeggoedautomaat.png\"},{\"@type\":\"BreadcrumbList\",\"@id\":\"https:\/\/tomra.be\/fr\/produits\/machines-frontales\/eco-wall\/#breadcrumb\",\"itemListElement\":[{\"@type\":\"ListItem\",\"position\":1,\"name\":\"Home\",\"item\":\"https:\/\/tomra.be\/fr\/\"},{\"@type\":\"ListItem\",\"position\":2,\"name\":\"Produits\",\"item\":\"https:\/\/tomra.be\/fr\/produits\/\"},{\"@type\":\"ListItem\",\"position\":3,\"name\":\"Machines frontales\",\"item\":\"https:\/\/tomra.be\/fr\/produits\/machines-frontales\/\"},{\"@type\":\"ListItem\",\"position\":4,\"name\":\"ECO-Wall\"}]},{\"@type\":\"WebSite\",\"@id\":\"https:\/\/tomra.be\/#website\",\"url\":\"https:\/\/tomra.be\/\",\"name\":\"TOMRA Collection Belgi\u00eb\",\"description\":\"\",\"potentialAction\":[{\"@type\":\"SearchAction\",\"target\":{\"@type\":\"EntryPoint\",\"urlTemplate\":\"https:\/\/tomra.be\/?s={search_term_string}\"},\"query-input\":{\"@type\":\"PropertyValueSpecification\",\"valueRequired\":true,\"valueName\":\"search_term_string\"}}],\"inLanguage\":\"fr-FR\"}]}<\/script>\n<!-- \/ Yoast SEO plugin. -->","yoast_head_json":{"title":"ECO-Wall | Machine reprise vidanges | TOMRA Systems N.V.","description":"L\u2019ECO-Wall T9 se positionne parfaitement \u00e0 c\u00f4t\u00e9 de l\u2019automate T9 pour la reprise des emballages. Ensemble, ils permettent aux clients de rapporter tous les d\u00e9chets recyclables ou non \u00e0 un m\u00eame point.","robots":{"index":"index","follow":"follow","max-snippet":"max-snippet:-1","max-image-preview":"max-image-preview:large","max-video-preview":"max-video-preview:-1"},"canonical":"https:\/\/tomra.be\/fr\/produits\/machines-frontales\/eco-wall\/","og_locale":"fr_FR","og_type":"article","og_title":"ECO-Wall | Machine reprise vidanges | TOMRA Systems N.V.","og_description":"L\u2019ECO-Wall T9 se positionne parfaitement \u00e0 c\u00f4t\u00e9 de l\u2019automate T9 pour la reprise des emballages. Ensemble, ils permettent aux clients de rapporter tous les d\u00e9chets recyclables ou non \u00e0 un m\u00eame point.","og_url":"https:\/\/tomra.be\/fr\/produits\/machines-frontales\/eco-wall\/","og_site_name":"TOMRA Collection Belgi\u00eb","article_modified_time":"2022-11-25T15:05:09+00:00","og_image":[{"url":"https:\/\/tomra.be\/wp-content\/uploads\/2022\/11\/ECO-Wall-BE-naast-T9-leeggoedautomaat.png","type":"","width":"","height":""}],"twitter_card":"summary_large_image","twitter_misc":{"Est. reading time":"2 minutes"},"schema":{"@context":"https:\/\/schema.org","@graph":[{"@type":"WebPage","@id":"https:\/\/tomra.be\/fr\/produits\/machines-frontales\/eco-wall\/","url":"https:\/\/tomra.be\/fr\/produits\/machines-frontales\/eco-wall\/","name":"ECO-Wall | Machine reprise vidanges | TOMRA Systems N.V.","isPartOf":{"@id":"https:\/\/tomra.be\/#website"},"primaryImageOfPage":{"@id":"https:\/\/tomra.be\/fr\/produits\/machines-frontales\/eco-wall\/#primaryimage"},"image":{"@id":"https:\/\/tomra.be\/fr\/produits\/machines-frontales\/eco-wall\/#primaryimage"},"thumbnailUrl":"https:\/\/tomra.be\/wp-content\/uploads\/2022\/11\/ECO-Wall-BE-naast-T9-leeggoedautomaat.png","datePublished":"2018-08-14T09:14:26+00:00","dateModified":"2022-11-25T15:05:09+00:00","description":"L\u2019ECO-Wall T9 se positionne parfaitement \u00e0 c\u00f4t\u00e9 de l\u2019automate T9 pour la reprise des emballages. Ensemble, ils permettent aux clients de rapporter tous les d\u00e9chets recyclables ou non \u00e0 un m\u00eame point.","breadcrumb":{"@id":"https:\/\/tomra.be\/fr\/produits\/machines-frontales\/eco-wall\/#breadcrumb"},"inLanguage":"fr-FR","potentialAction":[{"@type":"ReadAction","target":["https:\/\/tomra.be\/fr\/produits\/machines-frontales\/eco-wall\/"]}]},{"@type":"ImageObject","inLanguage":"fr-FR","@id":"https:\/\/tomra.be\/fr\/produits\/machines-frontales\/eco-wall\/#primaryimage","url":"https:\/\/tomra.be\/wp-content\/uploads\/2022\/11\/ECO-Wall-BE-naast-T9-leeggoedautomaat.png","contentUrl":"https:\/\/tomra.be\/wp-content\/uploads\/2022\/11\/ECO-Wall-BE-naast-T9-leeggoedautomaat.png"},{"@type":"BreadcrumbList","@id":"https:\/\/tomra.be\/fr\/produits\/machines-frontales\/eco-wall\/#breadcrumb","itemListElement":[{"@type":"ListItem","position":1,"name":"Home","item":"https:\/\/tomra.be\/fr\/"},{"@type":"ListItem","position":2,"name":"Produits","item":"https:\/\/tomra.be\/fr\/produits\/"},{"@type":"ListItem","position":3,"name":"Machines frontales","item":"https:\/\/tomra.be\/fr\/produits\/machines-frontales\/"},{"@type":"ListItem","position":4,"name":"ECO-Wall"}]},{"@type":"WebSite","@id":"https:\/\/tomra.be\/#website","url":"https:\/\/tomra.be\/","name":"TOMRA Collection Belgi\u00eb","description":"","potentialAction":[{"@type":"SearchAction","target":{"@type":"EntryPoint","urlTemplate":"https:\/\/tomra.be\/?s={search_term_string}"},"query-input":{"@type":"PropertyValueSpecification","valueRequired":true,"valueName":"search_term_string"}}],"inLanguage":"fr-FR"}]}},"_links":{"self":[{"href":"https:\/\/tomra.be\/fr\/wp-json\/wp\/v2\/pages\/9377","targetHints":{"allow":["GET"]}}],"collection":[{"href":"https:\/\/tomra.be\/fr\/wp-json\/wp\/v2\/pages"}],"about":[{"href":"https:\/\/tomra.be\/fr\/wp-json\/wp\/v2\/types\/page"}],"author":[{"embeddable":true,"href":"https:\/\/tomra.be\/fr\/wp-json\/wp\/v2\/users\/22"}],"replies":[{"embeddable":true,"href":"https:\/\/tomra.be\/fr\/wp-json\/wp\/v2\/comments?post=9377"}],"version-history":[{"count":10,"href":"https:\/\/tomra.be\/fr\/wp-json\/wp\/v2\/pages\/9377\/revisions"}],"predecessor-version":[{"id":12347,"href":"https:\/\/tomra.be\/fr\/wp-json\/wp\/v2\/pages\/9377\/revisions\/12347"}],"up":[{"embeddable":true,"href":"https:\/\/tomra.be\/fr\/wp-json\/wp\/v2\/pages\/9253"}],"wp:attachment":[{"href":"https:\/\/tomra.be\/fr\/wp-json\/wp\/v2\/media?parent=9377"}],"curies":[{"name":"wp","href":"https:\/\/api.w.org\/{rel}","templated":true}]}}