{"id":9366,"date":"2018-08-13T14:30:41","date_gmt":"2018-08-13T12:30:41","guid":{"rendered":"http:\/\/tomrabe.kinsta.cloud\/a-propos-de-tomra\/travailler-chez-tomra\/"},"modified":"2022-11-15T11:43:38","modified_gmt":"2022-11-15T10:43:38","slug":"travailler-chez-tomra","status":"publish","type":"page","link":"https:\/\/tomra.be\/fr\/a-propos-de-tomra\/travailler-chez-tomra\/","title":{"rendered":"Travailler chez TOMRA"},"content":{"rendered":"\n\n\t\t<h1>Travailler chez TOMRA<\/h1>\t\t\n\t\t\t<p><strong>Les ressources mondiales sont soumises \u00e0 une pression sans pr\u00e9c\u00e9dent. Chez TOMRA, nous visons chaque jour \u00e0 tirer le meilleur de nos ressources gr\u00e2ce \u00e0 la collecte, au tri et au recyclage.<\/strong><\/p>\n<h2>\n\t\tPostes vacants\n\t<\/h2>\n\t<h2>En savoir plus?<\/h2>\n\t\t\t<a href=\"https:\/\/tomra.be\/fr\/contact\/\" target=\"_self\" role=\"button\" rel=\"noopener\">\n\t\t\t\t\t\t\tCONTACTEZ-NOUS\n\t\t\t<\/a>\n\n","protected":false},"excerpt":{"rendered":"<p>Travailler chez TOMRA Les ressources mondiales sont soumises \u00e0 une pression sans pr\u00e9c\u00e9dent. Chez TOMRA, nous visons chaque jour \u00e0 tirer le meilleur de nos ressources gr\u00e2ce \u00e0 la collecte, au tri et au recyclage. Postes vacants En savoir plus? CONTACTEZ-NOUS<\/p>\n","protected":false},"author":22,"featured_media":0,"parent":9200,"menu_order":0,"comment_status":"closed","ping_status":"closed","template":"","meta":{"_acf_changed":false,"footnotes":""},"class_list":["post-9366","page","type-page","status-publish","hentry"],"acf":[],"yoast_head":"<!-- This site is optimized with the Yoast SEO plugin v25.3.1 - https:\/\/yoast.com\/wordpress\/plugins\/seo\/ -->\n<title>Travailler chez TOMRA | Postes vacants | TOMRA Systems N.V.<\/title>\n<meta name=\"description\" content=\"TOMRA Systems S.A. est une entreprise s\u2019occupant de la vente, de l\u2019installation, de l\u2019entretien et du service apr\u00e8s-vente de solutions d\u2019automatisation en mati\u00e8re de reprise de vidange dans les supermarch\u00e9s belges et luxembourgeois.\" \/>\n<meta name=\"robots\" content=\"index, follow, max-snippet:-1, max-image-preview:large, max-video-preview:-1\" \/>\n<link rel=\"canonical\" href=\"https:\/\/tomra.be\/fr\/a-propos-de-tomra\/travailler-chez-tomra\/\" \/>\n<meta property=\"og:locale\" content=\"fr_FR\" \/>\n<meta property=\"og:type\" content=\"article\" \/>\n<meta property=\"og:title\" content=\"Travailler chez TOMRA | Postes vacants | TOMRA Systems N.V.\" \/>\n<meta property=\"og:description\" content=\"TOMRA Systems S.A. est une entreprise s\u2019occupant de la vente, de l\u2019installation, de l\u2019entretien et du service apr\u00e8s-vente de solutions d\u2019automatisation en mati\u00e8re de reprise de vidange dans les supermarch\u00e9s belges et luxembourgeois.\" \/>\n<meta property=\"og:url\" content=\"https:\/\/tomra.be\/fr\/a-propos-de-tomra\/travailler-chez-tomra\/\" \/>\n<meta property=\"og:site_name\" content=\"TOMRA Collection Belgi\u00eb\" \/>\n<meta property=\"article:modified_time\" content=\"2022-11-15T10:43:38+00:00\" \/>\n<meta name=\"twitter:card\" content=\"summary_large_image\" \/>\n<script type=\"application\/ld+json\" class=\"yoast-schema-graph\">{\"@context\":\"https:\/\/schema.org\",\"@graph\":[{\"@type\":\"WebPage\",\"@id\":\"https:\/\/tomra.be\/fr\/a-propos-de-tomra\/travailler-chez-tomra\/\",\"url\":\"https:\/\/tomra.be\/fr\/a-propos-de-tomra\/travailler-chez-tomra\/\",\"name\":\"Travailler chez TOMRA | Postes vacants | TOMRA Systems N.V.\",\"isPartOf\":{\"@id\":\"https:\/\/tomra.be\/#website\"},\"datePublished\":\"2018-08-13T12:30:41+00:00\",\"dateModified\":\"2022-11-15T10:43:38+00:00\",\"description\":\"TOMRA Systems S.A. est une entreprise s\u2019occupant de la vente, de l\u2019installation, de l\u2019entretien et du service apr\u00e8s-vente de solutions d\u2019automatisation en mati\u00e8re de reprise de vidange dans les supermarch\u00e9s belges et luxembourgeois.\",\"breadcrumb\":{\"@id\":\"https:\/\/tomra.be\/fr\/a-propos-de-tomra\/travailler-chez-tomra\/#breadcrumb\"},\"inLanguage\":\"fr-FR\",\"potentialAction\":[{\"@type\":\"ReadAction\",\"target\":[\"https:\/\/tomra.be\/fr\/a-propos-de-tomra\/travailler-chez-tomra\/\"]}]},{\"@type\":\"BreadcrumbList\",\"@id\":\"https:\/\/tomra.be\/fr\/a-propos-de-tomra\/travailler-chez-tomra\/#breadcrumb\",\"itemListElement\":[{\"@type\":\"ListItem\",\"position\":1,\"name\":\"Home\",\"item\":\"https:\/\/tomra.be\/fr\/\"},{\"@type\":\"ListItem\",\"position\":2,\"name\":\"A propos de TOMRA\",\"item\":\"https:\/\/tomra.be\/fr\/a-propos-de-tomra\/\"},{\"@type\":\"ListItem\",\"position\":3,\"name\":\"Travailler chez TOMRA\"}]},{\"@type\":\"WebSite\",\"@id\":\"https:\/\/tomra.be\/#website\",\"url\":\"https:\/\/tomra.be\/\",\"name\":\"TOMRA Collection Belgi\u00eb\",\"description\":\"\",\"potentialAction\":[{\"@type\":\"SearchAction\",\"target\":{\"@type\":\"EntryPoint\",\"urlTemplate\":\"https:\/\/tomra.be\/?s={search_term_string}\"},\"query-input\":{\"@type\":\"PropertyValueSpecification\",\"valueRequired\":true,\"valueName\":\"search_term_string\"}}],\"inLanguage\":\"fr-FR\"}]}<\/script>\n<!-- \/ Yoast SEO plugin. -->","yoast_head_json":{"title":"Travailler chez TOMRA | Postes vacants | TOMRA Systems N.V.","description":"TOMRA Systems S.A. est une entreprise s\u2019occupant de la vente, de l\u2019installation, de l\u2019entretien et du service apr\u00e8s-vente de solutions d\u2019automatisation en mati\u00e8re de reprise de vidange dans les supermarch\u00e9s belges et luxembourgeois.","robots":{"index":"index","follow":"follow","max-snippet":"max-snippet:-1","max-image-preview":"max-image-preview:large","max-video-preview":"max-video-preview:-1"},"canonical":"https:\/\/tomra.be\/fr\/a-propos-de-tomra\/travailler-chez-tomra\/","og_locale":"fr_FR","og_type":"article","og_title":"Travailler chez TOMRA | Postes vacants | TOMRA Systems N.V.","og_description":"TOMRA Systems S.A. est une entreprise s\u2019occupant de la vente, de l\u2019installation, de l\u2019entretien et du service apr\u00e8s-vente de solutions d\u2019automatisation en mati\u00e8re de reprise de vidange dans les supermarch\u00e9s belges et luxembourgeois.","og_url":"https:\/\/tomra.be\/fr\/a-propos-de-tomra\/travailler-chez-tomra\/","og_site_name":"TOMRA Collection Belgi\u00eb","article_modified_time":"2022-11-15T10:43:38+00:00","twitter_card":"summary_large_image","schema":{"@context":"https:\/\/schema.org","@graph":[{"@type":"WebPage","@id":"https:\/\/tomra.be\/fr\/a-propos-de-tomra\/travailler-chez-tomra\/","url":"https:\/\/tomra.be\/fr\/a-propos-de-tomra\/travailler-chez-tomra\/","name":"Travailler chez TOMRA | Postes vacants | TOMRA Systems N.V.","isPartOf":{"@id":"https:\/\/tomra.be\/#website"},"datePublished":"2018-08-13T12:30:41+00:00","dateModified":"2022-11-15T10:43:38+00:00","description":"TOMRA Systems S.A. est une entreprise s\u2019occupant de la vente, de l\u2019installation, de l\u2019entretien et du service apr\u00e8s-vente de solutions d\u2019automatisation en mati\u00e8re de reprise de vidange dans les supermarch\u00e9s belges et luxembourgeois.","breadcrumb":{"@id":"https:\/\/tomra.be\/fr\/a-propos-de-tomra\/travailler-chez-tomra\/#breadcrumb"},"inLanguage":"fr-FR","potentialAction":[{"@type":"ReadAction","target":["https:\/\/tomra.be\/fr\/a-propos-de-tomra\/travailler-chez-tomra\/"]}]},{"@type":"BreadcrumbList","@id":"https:\/\/tomra.be\/fr\/a-propos-de-tomra\/travailler-chez-tomra\/#breadcrumb","itemListElement":[{"@type":"ListItem","position":1,"name":"Home","item":"https:\/\/tomra.be\/fr\/"},{"@type":"ListItem","position":2,"name":"A propos de TOMRA","item":"https:\/\/tomra.be\/fr\/a-propos-de-tomra\/"},{"@type":"ListItem","position":3,"name":"Travailler chez TOMRA"}]},{"@type":"WebSite","@id":"https:\/\/tomra.be\/#website","url":"https:\/\/tomra.be\/","name":"TOMRA Collection Belgi\u00eb","description":"","potentialAction":[{"@type":"SearchAction","target":{"@type":"EntryPoint","urlTemplate":"https:\/\/tomra.be\/?s={search_term_string}"},"query-input":{"@type":"PropertyValueSpecification","valueRequired":true,"valueName":"search_term_string"}}],"inLanguage":"fr-FR"}]}},"_links":{"self":[{"href":"https:\/\/tomra.be\/fr\/wp-json\/wp\/v2\/pages\/9366","targetHints":{"allow":["GET"]}}],"collection":[{"href":"https:\/\/tomra.be\/fr\/wp-json\/wp\/v2\/pages"}],"about":[{"href":"https:\/\/tomra.be\/fr\/wp-json\/wp\/v2\/types\/page"}],"author":[{"embeddable":true,"href":"https:\/\/tomra.be\/fr\/wp-json\/wp\/v2\/users\/22"}],"replies":[{"embeddable":true,"href":"https:\/\/tomra.be\/fr\/wp-json\/wp\/v2\/comments?post=9366"}],"version-history":[{"count":10,"href":"https:\/\/tomra.be\/fr\/wp-json\/wp\/v2\/pages\/9366\/revisions"}],"predecessor-version":[{"id":12236,"href":"https:\/\/tomra.be\/fr\/wp-json\/wp\/v2\/pages\/9366\/revisions\/12236"}],"up":[{"embeddable":true,"href":"https:\/\/tomra.be\/fr\/wp-json\/wp\/v2\/pages\/9200"}],"wp:attachment":[{"href":"https:\/\/tomra.be\/fr\/wp-json\/wp\/v2\/media?parent=9366"}],"curies":[{"name":"wp","href":"https:\/\/api.w.org\/{rel}","templated":true}]}}