{"id":9357,"date":"2018-08-13T10:13:53","date_gmt":"2018-08-13T08:13:53","guid":{"rendered":"http:\/\/tomrabe.kinsta.cloud\/produits\/les-solutions-backroom\/easypac\/"},"modified":"2023-07-20T17:05:42","modified_gmt":"2023-07-20T15:05:42","slug":"easypac","status":"publish","type":"page","link":"https:\/\/tomra.be\/fr\/produits\/les-solutions-backroom\/easypac\/","title":{"rendered":"EasyPac"},"content":{"rendered":"\n<h1>\n\t\tTOMRA EasyPac\u2122: le compl\u00e9ment id\u00e9al\n\t<\/h1>\n\t<p>EasyPac\u2122 trie, compacte et stocke les emballages collect\u00e9s. Cette solution en \u00ab arri\u00e8reboutique \u00bb est configurable \u00e0 souhait, ce qui permet une flexibilit\u00e9 unique. Chaque module est une unit\u00e9 ind\u00e9pendante, avec trieur et compacteur(s), offrant jusqu&#8217;\u00e0 deux compartiments de stockage.<\/p>\n\t\t\t<a href=\"https:\/\/tomra.be\/wp-content\/uploads\/2023\/07\/TOMRA-leaflet-EasyPac-FR-2023.pdf\" target=\"_self\" rel=\"noopener\">\n\t\t\t\t\t\t T\u00c9L\u00c9CHARGER LEAFLET\n\t\t\t\t\t<\/a>\n\t\t\t\t<img loading=\"lazy\" decoding=\"async\" src=\"https:\/\/tomra.be\/wp-content\/uploads\/2022\/08\/EasyPac_2-website-2048x1272-1.png\" alt=\"TOMRA EasyPac 2\" itemprop=\"image\" height=\"1272\" width=\"2048\" title=\"EasyPac_2-website-2048x1272\" onerror=\"this.style.display='none'\"  \/>\n<h2>\n\t\tPourquoi le EasyPac\u2122?\n\t<\/h2>\n\t\t\t\t<img loading=\"lazy\" decoding=\"async\" src=\"https:\/\/tomra.be\/wp-content\/uploads\/2022\/08\/02_EasyPac_2-Wide-Lower_Door_Open-BottlesCans-LowRes-circle.jpeg\" alt=\"EasyPac 2 poubelle\" itemprop=\"image\" height=\"1013\" width=\"1013\" title=\"02_EasyPac_2-Wide-Lower_Door_Open-BottlesCans-LowRes-circle\" onerror=\"this.style.display='none'\"  \/>\n<h3>\n\t\tFlexible\n\t<\/h3>\n\t<p>Jusqu&#8217;\u00e0 3 modules combin\u00e9s. Extension du syst\u00e8me facilit\u00e9e par la suite. En option: SoftDrop\u2122 ou table de r\u00e9ception pour les bouteilles en verre.<\/p>\n\t\t\t\t<img loading=\"lazy\" decoding=\"async\" src=\"https:\/\/tomra.be\/wp-content\/uploads\/2022\/08\/tomra_easypac-display-hand-klein-website-circle.png\" alt=\"tomra easypac display bouton\" itemprop=\"image\" height=\"706\" width=\"706\" title=\"tomra_easypac-display-bouton\" onerror=\"this.style.display='none'\"  \/>\n<h3>\n\t\tEfficace\n\t<\/h3>\n\t<p>Simple d&#8217;utilisation: pr\u00f4n\u00e9e par la\u00a0conception intuitive de TOMRA.\u00a0Facile \u00e0 nettoyer. Moins de \u00ab secousses \u00bb des bacs de\u00a0stockage n\u00e9cessaires.<\/p>\n\t\t\t\t<img loading=\"lazy\" decoding=\"async\" src=\"https:\/\/tomra.be\/wp-content\/uploads\/2022\/08\/EasyPac-turnout-circle.jpeg\" alt=\"EasyPac turnout circle\" itemprop=\"image\" height=\"1013\" width=\"1013\" title=\"EasyPac-turnout-circle\" onerror=\"this.style.display='none'\"  \/>\n<h3>\n\t\tFluide\n\t<\/h3>\n\t<p>Lecture instantan\u00e9e des emballages. Ininterruption du syst\u00e8me lors du vidage d&#8217;un bac reprenant le m\u00eame flux.<\/p>\n\t<h2>En savoir plus?<\/h2>\n\t\t\t<a href=\"https:\/\/tomra.be\/fr\/contact\/\" target=\"_self\" rel=\"noopener\">\n\t\t\t\t\t\t\tCONTACTEZ-NOUS\n\t\t\t<\/a>\n\n","protected":false},"excerpt":{"rendered":"<p>TOMRA EasyPac\u2122: le compl\u00e9ment id\u00e9al EasyPac\u2122 trie, compacte et stocke les emballages collect\u00e9s. Cette solution en \u00ab arri\u00e8reboutique \u00bb est configurable \u00e0 souhait, ce qui permet une flexibilit\u00e9 unique. Chaque module est une unit\u00e9 ind\u00e9pendante, avec trieur et compacteur(s), offrant jusqu&#8217;\u00e0 deux compartiments de stockage. T\u00c9L\u00c9CHARGER LEAFLET Pourquoi le EasyPac\u2122? Flexible Jusqu&#8217;\u00e0 3 modules combin\u00e9s.&hellip;<\/p>\n","protected":false},"author":22,"featured_media":0,"parent":9298,"menu_order":0,"comment_status":"closed","ping_status":"closed","template":"","meta":{"_acf_changed":false,"footnotes":""},"class_list":["post-9357","page","type-page","status-publish","hentry"],"acf":[],"yoast_head":"<!-- This site is optimized with the Yoast SEO plugin v25.3.1 - https:\/\/yoast.com\/wordpress\/plugins\/seo\/ -->\n<title>EasyPac | Compacteur | Machine reprise vidanges | TOMRA Systems N.V.<\/title>\n<meta name=\"description\" content=\"EasyPac\u2122 trie, compacte et stocke les emballages collect\u00e9s. Cette solution en \u00ab arri\u00e8reboutique \u00bb est configurable \u00e0 souhait, ce qui permet une flexibilit\u00e9 unique.\" \/>\n<meta name=\"robots\" content=\"index, follow, max-snippet:-1, max-image-preview:large, max-video-preview:-1\" \/>\n<link rel=\"canonical\" href=\"https:\/\/tomra.be\/fr\/produits\/les-solutions-backroom\/easypac\/\" \/>\n<meta property=\"og:locale\" content=\"fr_FR\" \/>\n<meta property=\"og:type\" content=\"article\" \/>\n<meta property=\"og:title\" content=\"EasyPac | Compacteur | Machine reprise vidanges | TOMRA Systems N.V.\" \/>\n<meta property=\"og:description\" content=\"EasyPac\u2122 trie, compacte et stocke les emballages collect\u00e9s. Cette solution en \u00ab arri\u00e8reboutique \u00bb est configurable \u00e0 souhait, ce qui permet une flexibilit\u00e9 unique.\" \/>\n<meta property=\"og:url\" content=\"https:\/\/tomra.be\/fr\/produits\/les-solutions-backroom\/easypac\/\" \/>\n<meta property=\"og:site_name\" content=\"TOMRA Collection Belgi\u00eb\" \/>\n<meta property=\"article:modified_time\" content=\"2023-07-20T15:05:42+00:00\" \/>\n<meta property=\"og:image\" content=\"https:\/\/tomra.be\/wp-content\/uploads\/2022\/08\/EasyPac_2-website-2048x1272-1.png\" \/>\n<meta name=\"twitter:card\" content=\"summary_large_image\" \/>\n<meta name=\"twitter:label1\" content=\"Est. reading time\" \/>\n\t<meta name=\"twitter:data1\" content=\"1 minute\" \/>\n<script type=\"application\/ld+json\" class=\"yoast-schema-graph\">{\"@context\":\"https:\/\/schema.org\",\"@graph\":[{\"@type\":\"WebPage\",\"@id\":\"https:\/\/tomra.be\/fr\/produits\/les-solutions-backroom\/easypac\/\",\"url\":\"https:\/\/tomra.be\/fr\/produits\/les-solutions-backroom\/easypac\/\",\"name\":\"EasyPac | Compacteur | Machine reprise vidanges | TOMRA Systems N.V.\",\"isPartOf\":{\"@id\":\"https:\/\/tomra.be\/#website\"},\"primaryImageOfPage\":{\"@id\":\"https:\/\/tomra.be\/fr\/produits\/les-solutions-backroom\/easypac\/#primaryimage\"},\"image\":{\"@id\":\"https:\/\/tomra.be\/fr\/produits\/les-solutions-backroom\/easypac\/#primaryimage\"},\"thumbnailUrl\":\"https:\/\/tomra.be\/wp-content\/uploads\/2022\/08\/EasyPac_2-website-2048x1272-1.png\",\"datePublished\":\"2018-08-13T08:13:53+00:00\",\"dateModified\":\"2023-07-20T15:05:42+00:00\",\"description\":\"EasyPac\u2122 trie, compacte et stocke les emballages collect\u00e9s. Cette solution en \u00ab arri\u00e8reboutique \u00bb est configurable \u00e0 souhait, ce qui permet une flexibilit\u00e9 unique.\",\"breadcrumb\":{\"@id\":\"https:\/\/tomra.be\/fr\/produits\/les-solutions-backroom\/easypac\/#breadcrumb\"},\"inLanguage\":\"fr-FR\",\"potentialAction\":[{\"@type\":\"ReadAction\",\"target\":[\"https:\/\/tomra.be\/fr\/produits\/les-solutions-backroom\/easypac\/\"]}]},{\"@type\":\"ImageObject\",\"inLanguage\":\"fr-FR\",\"@id\":\"https:\/\/tomra.be\/fr\/produits\/les-solutions-backroom\/easypac\/#primaryimage\",\"url\":\"https:\/\/tomra.be\/wp-content\/uploads\/2022\/08\/EasyPac_2-website-2048x1272-1.png\",\"contentUrl\":\"https:\/\/tomra.be\/wp-content\/uploads\/2022\/08\/EasyPac_2-website-2048x1272-1.png\"},{\"@type\":\"BreadcrumbList\",\"@id\":\"https:\/\/tomra.be\/fr\/produits\/les-solutions-backroom\/easypac\/#breadcrumb\",\"itemListElement\":[{\"@type\":\"ListItem\",\"position\":1,\"name\":\"Home\",\"item\":\"https:\/\/tomra.be\/fr\/\"},{\"@type\":\"ListItem\",\"position\":2,\"name\":\"Produits\",\"item\":\"https:\/\/tomra.be\/fr\/produits\/\"},{\"@type\":\"ListItem\",\"position\":3,\"name\":\"Les solutions backroom\",\"item\":\"https:\/\/tomra.be\/fr\/produits\/les-solutions-backroom\/\"},{\"@type\":\"ListItem\",\"position\":4,\"name\":\"EasyPac\"}]},{\"@type\":\"WebSite\",\"@id\":\"https:\/\/tomra.be\/#website\",\"url\":\"https:\/\/tomra.be\/\",\"name\":\"TOMRA Collection Belgi\u00eb\",\"description\":\"\",\"potentialAction\":[{\"@type\":\"SearchAction\",\"target\":{\"@type\":\"EntryPoint\",\"urlTemplate\":\"https:\/\/tomra.be\/?s={search_term_string}\"},\"query-input\":{\"@type\":\"PropertyValueSpecification\",\"valueRequired\":true,\"valueName\":\"search_term_string\"}}],\"inLanguage\":\"fr-FR\"}]}<\/script>\n<!-- \/ Yoast SEO plugin. -->","yoast_head_json":{"title":"EasyPac | Compacteur | Machine reprise vidanges | TOMRA Systems N.V.","description":"EasyPac\u2122 trie, compacte et stocke les emballages collect\u00e9s. Cette solution en \u00ab arri\u00e8reboutique \u00bb est configurable \u00e0 souhait, ce qui permet une flexibilit\u00e9 unique.","robots":{"index":"index","follow":"follow","max-snippet":"max-snippet:-1","max-image-preview":"max-image-preview:large","max-video-preview":"max-video-preview:-1"},"canonical":"https:\/\/tomra.be\/fr\/produits\/les-solutions-backroom\/easypac\/","og_locale":"fr_FR","og_type":"article","og_title":"EasyPac | Compacteur | Machine reprise vidanges | TOMRA Systems N.V.","og_description":"EasyPac\u2122 trie, compacte et stocke les emballages collect\u00e9s. Cette solution en \u00ab arri\u00e8reboutique \u00bb est configurable \u00e0 souhait, ce qui permet une flexibilit\u00e9 unique.","og_url":"https:\/\/tomra.be\/fr\/produits\/les-solutions-backroom\/easypac\/","og_site_name":"TOMRA Collection Belgi\u00eb","article_modified_time":"2023-07-20T15:05:42+00:00","og_image":[{"url":"https:\/\/tomra.be\/wp-content\/uploads\/2022\/08\/EasyPac_2-website-2048x1272-1.png","type":"","width":"","height":""}],"twitter_card":"summary_large_image","twitter_misc":{"Est. reading time":"1 minute"},"schema":{"@context":"https:\/\/schema.org","@graph":[{"@type":"WebPage","@id":"https:\/\/tomra.be\/fr\/produits\/les-solutions-backroom\/easypac\/","url":"https:\/\/tomra.be\/fr\/produits\/les-solutions-backroom\/easypac\/","name":"EasyPac | Compacteur | Machine reprise vidanges | TOMRA Systems N.V.","isPartOf":{"@id":"https:\/\/tomra.be\/#website"},"primaryImageOfPage":{"@id":"https:\/\/tomra.be\/fr\/produits\/les-solutions-backroom\/easypac\/#primaryimage"},"image":{"@id":"https:\/\/tomra.be\/fr\/produits\/les-solutions-backroom\/easypac\/#primaryimage"},"thumbnailUrl":"https:\/\/tomra.be\/wp-content\/uploads\/2022\/08\/EasyPac_2-website-2048x1272-1.png","datePublished":"2018-08-13T08:13:53+00:00","dateModified":"2023-07-20T15:05:42+00:00","description":"EasyPac\u2122 trie, compacte et stocke les emballages collect\u00e9s. Cette solution en \u00ab arri\u00e8reboutique \u00bb est configurable \u00e0 souhait, ce qui permet une flexibilit\u00e9 unique.","breadcrumb":{"@id":"https:\/\/tomra.be\/fr\/produits\/les-solutions-backroom\/easypac\/#breadcrumb"},"inLanguage":"fr-FR","potentialAction":[{"@type":"ReadAction","target":["https:\/\/tomra.be\/fr\/produits\/les-solutions-backroom\/easypac\/"]}]},{"@type":"ImageObject","inLanguage":"fr-FR","@id":"https:\/\/tomra.be\/fr\/produits\/les-solutions-backroom\/easypac\/#primaryimage","url":"https:\/\/tomra.be\/wp-content\/uploads\/2022\/08\/EasyPac_2-website-2048x1272-1.png","contentUrl":"https:\/\/tomra.be\/wp-content\/uploads\/2022\/08\/EasyPac_2-website-2048x1272-1.png"},{"@type":"BreadcrumbList","@id":"https:\/\/tomra.be\/fr\/produits\/les-solutions-backroom\/easypac\/#breadcrumb","itemListElement":[{"@type":"ListItem","position":1,"name":"Home","item":"https:\/\/tomra.be\/fr\/"},{"@type":"ListItem","position":2,"name":"Produits","item":"https:\/\/tomra.be\/fr\/produits\/"},{"@type":"ListItem","position":3,"name":"Les solutions backroom","item":"https:\/\/tomra.be\/fr\/produits\/les-solutions-backroom\/"},{"@type":"ListItem","position":4,"name":"EasyPac"}]},{"@type":"WebSite","@id":"https:\/\/tomra.be\/#website","url":"https:\/\/tomra.be\/","name":"TOMRA Collection Belgi\u00eb","description":"","potentialAction":[{"@type":"SearchAction","target":{"@type":"EntryPoint","urlTemplate":"https:\/\/tomra.be\/?s={search_term_string}"},"query-input":{"@type":"PropertyValueSpecification","valueRequired":true,"valueName":"search_term_string"}}],"inLanguage":"fr-FR"}]}},"_links":{"self":[{"href":"https:\/\/tomra.be\/fr\/wp-json\/wp\/v2\/pages\/9357","targetHints":{"allow":["GET"]}}],"collection":[{"href":"https:\/\/tomra.be\/fr\/wp-json\/wp\/v2\/pages"}],"about":[{"href":"https:\/\/tomra.be\/fr\/wp-json\/wp\/v2\/types\/page"}],"author":[{"embeddable":true,"href":"https:\/\/tomra.be\/fr\/wp-json\/wp\/v2\/users\/22"}],"replies":[{"embeddable":true,"href":"https:\/\/tomra.be\/fr\/wp-json\/wp\/v2\/comments?post=9357"}],"version-history":[{"count":10,"href":"https:\/\/tomra.be\/fr\/wp-json\/wp\/v2\/pages\/9357\/revisions"}],"predecessor-version":[{"id":12598,"href":"https:\/\/tomra.be\/fr\/wp-json\/wp\/v2\/pages\/9357\/revisions\/12598"}],"up":[{"embeddable":true,"href":"https:\/\/tomra.be\/fr\/wp-json\/wp\/v2\/pages\/9298"}],"wp:attachment":[{"href":"https:\/\/tomra.be\/fr\/wp-json\/wp\/v2\/media?parent=9357"}],"curies":[{"name":"wp","href":"https:\/\/api.w.org\/{rel}","templated":true}]}}