{"id":9325,"date":"2018-08-01T15:36:58","date_gmt":"2018-08-01T13:36:58","guid":{"rendered":"http:\/\/tomrabe.kinsta.cloud\/produits\/solution-inpac\/t-70\/"},"modified":"2023-07-20T17:03:47","modified_gmt":"2023-07-20T15:03:47","slug":"t-70","status":"publish","type":"page","link":"https:\/\/tomra.be\/fr\/produits\/solution-inpac\/t-70\/","title":{"rendered":"T70"},"content":{"rendered":"\n<h1>\n\t\tTOMRA T70: ind\u00e9pendant et compact\n\t<\/h1>\n\t<p>Le T70 a \u00e9t\u00e9 con\u00e7u pour des magasins qui ont besoin d&#8217;une <a href=\"https:\/\/tomra.be\/fr\/produits\/\">machine reprise vidange<\/a> ind\u00e9pendant avec un compactage int\u00e9gr\u00e9 et une capacit\u00e9 de stockage moyenne. L&#8217;automate convient pour collecter des bouteilles en verre, des bouteilles en PET et des cannettes.<\/p>\n\t\t\t<a href=\"https:\/\/tomra.be\/wp-content\/uploads\/2023\/07\/TOMRA-leaflet-T70-FR-2023.pdf\" target=\"_self\" rel=\"noopener\">\n\t\t\t\t\t\tT\u00c9L\u00c9CHARGER LEAFLET\n\t\t\t\t\t<\/a>\n\t\t\t\t<img loading=\"lazy\" decoding=\"async\" src=\"https:\/\/tomra.be\/wp-content\/uploads\/2022\/11\/TOMRA-T70-Single-en-Dual-leeggoedautomaat.png\" alt=\"TOMRA T70 Single en Dual leeggoedautomaat\" itemprop=\"image\" height=\"983\" width=\"983\" title=\"TOMRA T70 Single en Dual leeggoedautomaat\" onerror=\"this.style.display='none'\"  \/>\n<h2>\n\t\tPourquoi le T70?\n\t<\/h2>\n\t\t\t\t<img loading=\"lazy\" decoding=\"async\" src=\"https:\/\/tomra.be\/wp-content\/uploads\/2018\/08\/T-9-OneRing-circle.png\" alt=\"TOMRA OneRing\" itemprop=\"image\" height=\"616\" width=\"616\" title=\"TOMRA OneRing\" onerror=\"this.style.display='none'\"  \/>\n<h3>\n\t\tRapide et ponctuel\n\t<\/h3>\n\t<p>Le syst\u00e8me scanne sur 360 degr\u00e9s la\u00a0forme et le code-barres des emballages,\u00a0directement lorsqu&#8217;ils sont introduits. La\u00a0technique innovante de pr\u00e9vention contre\u00a0la fraude assure en m\u00eame temps le plus\u00a0haut niveau de pr\u00e9cision et de s\u00e9curit\u00e9.<\/p>\n\t\t\t\t<img loading=\"lazy\" decoding=\"async\" src=\"https:\/\/tomra.be\/wp-content\/uploads\/2018\/08\/T-70-in-gebruik-circle.png\" alt=\"TOMRA T-70 machines de reprise vidanges\" itemprop=\"image\" height=\"766\" width=\"766\" title=\"TOMRA T-70 machines de reprise vidanges\" onerror=\"this.style.display='none'\"  \/>\n<h3>\n\t\tErgonomique\n\t<\/h3>\n\t<p>Le T70 est ax\u00e9 sur l&#8217;efficacit\u00e9. Les clients sont guid\u00e9s pas \u00e0 pas \u00e0 travers le processus de collecte. Les instructions claires pour l&#8217;entretien font en sorte qu&#8217;un personnel non form\u00e9 apprenne \u00e0 utiliser l&#8217;automate facilement.<\/p>\n\t\t\t\t<img loading=\"lazy\" decoding=\"async\" src=\"https:\/\/tomra.be\/wp-content\/uploads\/2018\/08\/T-70-Dual-opslagruimte-circle.png\" alt=\"TOMRA T-70 Dual machines de reprise vidanges\" itemprop=\"image\" height=\"819\" width=\"819\" title=\"TOMRA T-70 Dual machines de reprise vidanges\" onerror=\"this.style.display='none'\"  \/>\n<h3>\n\t\tFormat compact\n\t<\/h3>\n\t<p>Le T70 a un format compact et constitue une solution id\u00e9ale pour des magasins avec un espace r\u00e9duit. Le T70 Dual contient un espace de stockage pratique et deux compacteurs. Le Single contient un seul compacteur.<\/p>\n<h2>\n\t\tTechnologie int\u00e9gr\u00e9\u00e9\n\t<\/h2>\n\t<p>Le T70 est \u00e9quip\u00e9 de TOMRA Flow Technology\u2122. C&#8217;est le premier syst\u00e8me d&#8217;identification \u00e0 360 degr\u00e9s au monde dans une d&#8217;machine autonome de bouteilles consign\u00e9es. La technologie garantit un niveau exceptionnel d&#8217;efficacit\u00e9 op\u00e9rationnelle et de fiabilit\u00e9. Le T70 offre le plus haut niveau de pr\u00e9cision, s\u00e9curit\u00e9 et de confort d&#8217;utilisation.<\/p>\n\t\t\t\t<img decoding=\"async\" src=\"https:\/\/tomra.be\/wp-content\/uploads\/2018\/07\/TOMRA-Flow-logo.png\" alt=\"TOMRA Flow Technology\" title=\"TOMRA Flow Technology\" itemprop=\"image\"\/>\n\t\t<h4>TOMRA Flow Technology\u2122<\/h4>\n\t\t\t\t<p>La toute derni\u00e8re technologie de reconnaissance des contenants, la technologie TOMRA Flow\u2122 r\u00e9soud les probl\u00e8mes classiques de mani\u00e8re totalement novatrice. Elle est ax\u00e9e sur des capacit\u00e9s machine uniques et offre une s\u00e9curit\u00e9 et une pr\u00e9cision impeccables.\u00a0Avec cette technologie unique, TOMRA red\u00e9finit les normes de l&#8217;industrie, une fois de plus.<\/p>\n<h2>\n\t\tServices &#038; solutions digitales\n\t<\/h2>\n\t\t<h3>Prestation de services<\/h3>\n\t\t\t\t<p>La fourniture d&#8217;appareillage de grande qualit\u00e9 est un crit\u00e8re, mais un autre crit\u00e8re tout aussi important est la prestation de services que nous proposons \u00e0 notre client.<\/p>\n<p><a href=\"https:\/\/tomra.be\/fr\/prestation-de-services\/\">En savoir plus<\/a><\/p>\n\t\t<h3>TOMRA Connect<\/h3>\n\t\t\t\t<p>Le portefeuille de logiciels TOMRA Connect apporte &#8220;L&#8217;internet des objets&#8221; au recyclage. Le fait de relier les machines de reprise vidanges aux logiciels en ligne cr\u00e9e des nouvelles fonctionnalit\u00e9s.<\/p>\n<p><a href=\"https:\/\/tomra.be\/fr\/connect\/\"><u>En savoir plus<\/u><\/a><\/p>\n\t<h2>En savoir plus?<\/h2>\n\t\t\t<a href=\"https:\/\/tomra.be\/fr\/contact\/\" target=\"_self\" rel=\"noopener\">\n\t\t\t\t\t\t\tCONTACTEZ-NOUS\n\t\t\t<\/a>\n\n","protected":false},"excerpt":{"rendered":"<p>TOMRA T70: ind\u00e9pendant et compact Le T70 a \u00e9t\u00e9 con\u00e7u pour des magasins qui ont besoin d&#8217;une machine reprise vidange ind\u00e9pendant avec un compactage int\u00e9gr\u00e9 et une capacit\u00e9 de stockage moyenne. L&#8217;automate convient pour collecter des bouteilles en verre, des bouteilles en PET et des cannettes. T\u00c9L\u00c9CHARGER LEAFLET Pourquoi le T70? Rapide et ponctuel Le&hellip;<\/p>\n","protected":false},"author":22,"featured_media":0,"parent":9261,"menu_order":0,"comment_status":"closed","ping_status":"closed","template":"","meta":{"_acf_changed":false,"footnotes":""},"class_list":["post-9325","page","type-page","status-publish","hentry"],"acf":[],"yoast_head":"<!-- This site is optimized with the Yoast SEO plugin v25.3.1 - https:\/\/yoast.com\/wordpress\/plugins\/seo\/ -->\n<title>TOMRA T70 | Machine reprise vidanges<\/title>\n<meta name=\"description\" content=\"Le T70 a \u00e9t\u00e9 con\u00e7u pour des magasins qui ont besoin d\u2019un automate de reprise d\u2019emballages ind\u00e9pendant avec un compactage int\u00e9gr\u00e9 et une capacit\u00e9 de stockage moyenne.\" \/>\n<meta name=\"robots\" content=\"index, follow, max-snippet:-1, max-image-preview:large, max-video-preview:-1\" \/>\n<link rel=\"canonical\" href=\"https:\/\/tomra.be\/fr\/produits\/solution-inpac\/t-70\/\" \/>\n<meta property=\"og:locale\" content=\"fr_FR\" \/>\n<meta property=\"og:type\" content=\"article\" \/>\n<meta property=\"og:title\" content=\"TOMRA T70 | Machine reprise vidanges\" \/>\n<meta property=\"og:description\" content=\"Le T70 a \u00e9t\u00e9 con\u00e7u pour des magasins qui ont besoin d\u2019un automate de reprise d\u2019emballages ind\u00e9pendant avec un compactage int\u00e9gr\u00e9 et une capacit\u00e9 de stockage moyenne.\" \/>\n<meta property=\"og:url\" content=\"https:\/\/tomra.be\/fr\/produits\/solution-inpac\/t-70\/\" \/>\n<meta property=\"og:site_name\" content=\"TOMRA Collection Belgi\u00eb\" \/>\n<meta property=\"article:modified_time\" content=\"2023-07-20T15:03:47+00:00\" \/>\n<meta property=\"og:image\" content=\"https:\/\/tomra.be\/wp-content\/uploads\/2022\/11\/TOMRA-T70-Single-en-Dual-leeggoedautomaat.png\" \/>\n<meta name=\"twitter:card\" content=\"summary_large_image\" \/>\n<meta name=\"twitter:label1\" content=\"Est. reading time\" \/>\n\t<meta name=\"twitter:data1\" content=\"3 minutes\" \/>\n<script type=\"application\/ld+json\" class=\"yoast-schema-graph\">{\"@context\":\"https:\/\/schema.org\",\"@graph\":[{\"@type\":\"WebPage\",\"@id\":\"https:\/\/tomra.be\/fr\/produits\/solution-inpac\/t-70\/\",\"url\":\"https:\/\/tomra.be\/fr\/produits\/solution-inpac\/t-70\/\",\"name\":\"TOMRA T70 | Machine reprise vidanges\",\"isPartOf\":{\"@id\":\"https:\/\/tomra.be\/#website\"},\"primaryImageOfPage\":{\"@id\":\"https:\/\/tomra.be\/fr\/produits\/solution-inpac\/t-70\/#primaryimage\"},\"image\":{\"@id\":\"https:\/\/tomra.be\/fr\/produits\/solution-inpac\/t-70\/#primaryimage\"},\"thumbnailUrl\":\"https:\/\/tomra.be\/wp-content\/uploads\/2022\/11\/TOMRA-T70-Single-en-Dual-leeggoedautomaat.png\",\"datePublished\":\"2018-08-01T13:36:58+00:00\",\"dateModified\":\"2023-07-20T15:03:47+00:00\",\"description\":\"Le T70 a \u00e9t\u00e9 con\u00e7u pour des magasins qui ont besoin d\u2019un automate de reprise d\u2019emballages ind\u00e9pendant avec un compactage int\u00e9gr\u00e9 et une capacit\u00e9 de stockage moyenne.\",\"breadcrumb\":{\"@id\":\"https:\/\/tomra.be\/fr\/produits\/solution-inpac\/t-70\/#breadcrumb\"},\"inLanguage\":\"fr-FR\",\"potentialAction\":[{\"@type\":\"ReadAction\",\"target\":[\"https:\/\/tomra.be\/fr\/produits\/solution-inpac\/t-70\/\"]}]},{\"@type\":\"ImageObject\",\"inLanguage\":\"fr-FR\",\"@id\":\"https:\/\/tomra.be\/fr\/produits\/solution-inpac\/t-70\/#primaryimage\",\"url\":\"https:\/\/tomra.be\/wp-content\/uploads\/2022\/11\/TOMRA-T70-Single-en-Dual-leeggoedautomaat.png\",\"contentUrl\":\"https:\/\/tomra.be\/wp-content\/uploads\/2022\/11\/TOMRA-T70-Single-en-Dual-leeggoedautomaat.png\"},{\"@type\":\"BreadcrumbList\",\"@id\":\"https:\/\/tomra.be\/fr\/produits\/solution-inpac\/t-70\/#breadcrumb\",\"itemListElement\":[{\"@type\":\"ListItem\",\"position\":1,\"name\":\"Home\",\"item\":\"https:\/\/tomra.be\/fr\/\"},{\"@type\":\"ListItem\",\"position\":2,\"name\":\"Produits\",\"item\":\"https:\/\/tomra.be\/fr\/produits\/\"},{\"@type\":\"ListItem\",\"position\":3,\"name\":\"Solution InPac\",\"item\":\"https:\/\/tomra.be\/fr\/produits\/solution-inpac\/\"},{\"@type\":\"ListItem\",\"position\":4,\"name\":\"T70\"}]},{\"@type\":\"WebSite\",\"@id\":\"https:\/\/tomra.be\/#website\",\"url\":\"https:\/\/tomra.be\/\",\"name\":\"TOMRA Collection Belgi\u00eb\",\"description\":\"\",\"potentialAction\":[{\"@type\":\"SearchAction\",\"target\":{\"@type\":\"EntryPoint\",\"urlTemplate\":\"https:\/\/tomra.be\/?s={search_term_string}\"},\"query-input\":{\"@type\":\"PropertyValueSpecification\",\"valueRequired\":true,\"valueName\":\"search_term_string\"}}],\"inLanguage\":\"fr-FR\"}]}<\/script>\n<!-- \/ Yoast SEO plugin. -->","yoast_head_json":{"title":"TOMRA T70 | Machine reprise vidanges","description":"Le T70 a \u00e9t\u00e9 con\u00e7u pour des magasins qui ont besoin d\u2019un automate de reprise d\u2019emballages ind\u00e9pendant avec un compactage int\u00e9gr\u00e9 et une capacit\u00e9 de stockage moyenne.","robots":{"index":"index","follow":"follow","max-snippet":"max-snippet:-1","max-image-preview":"max-image-preview:large","max-video-preview":"max-video-preview:-1"},"canonical":"https:\/\/tomra.be\/fr\/produits\/solution-inpac\/t-70\/","og_locale":"fr_FR","og_type":"article","og_title":"TOMRA T70 | Machine reprise vidanges","og_description":"Le T70 a \u00e9t\u00e9 con\u00e7u pour des magasins qui ont besoin d\u2019un automate de reprise d\u2019emballages ind\u00e9pendant avec un compactage int\u00e9gr\u00e9 et une capacit\u00e9 de stockage moyenne.","og_url":"https:\/\/tomra.be\/fr\/produits\/solution-inpac\/t-70\/","og_site_name":"TOMRA Collection Belgi\u00eb","article_modified_time":"2023-07-20T15:03:47+00:00","og_image":[{"url":"https:\/\/tomra.be\/wp-content\/uploads\/2022\/11\/TOMRA-T70-Single-en-Dual-leeggoedautomaat.png","type":"","width":"","height":""}],"twitter_card":"summary_large_image","twitter_misc":{"Est. reading time":"3 minutes"},"schema":{"@context":"https:\/\/schema.org","@graph":[{"@type":"WebPage","@id":"https:\/\/tomra.be\/fr\/produits\/solution-inpac\/t-70\/","url":"https:\/\/tomra.be\/fr\/produits\/solution-inpac\/t-70\/","name":"TOMRA T70 | Machine reprise vidanges","isPartOf":{"@id":"https:\/\/tomra.be\/#website"},"primaryImageOfPage":{"@id":"https:\/\/tomra.be\/fr\/produits\/solution-inpac\/t-70\/#primaryimage"},"image":{"@id":"https:\/\/tomra.be\/fr\/produits\/solution-inpac\/t-70\/#primaryimage"},"thumbnailUrl":"https:\/\/tomra.be\/wp-content\/uploads\/2022\/11\/TOMRA-T70-Single-en-Dual-leeggoedautomaat.png","datePublished":"2018-08-01T13:36:58+00:00","dateModified":"2023-07-20T15:03:47+00:00","description":"Le T70 a \u00e9t\u00e9 con\u00e7u pour des magasins qui ont besoin d\u2019un automate de reprise d\u2019emballages ind\u00e9pendant avec un compactage int\u00e9gr\u00e9 et une capacit\u00e9 de stockage moyenne.","breadcrumb":{"@id":"https:\/\/tomra.be\/fr\/produits\/solution-inpac\/t-70\/#breadcrumb"},"inLanguage":"fr-FR","potentialAction":[{"@type":"ReadAction","target":["https:\/\/tomra.be\/fr\/produits\/solution-inpac\/t-70\/"]}]},{"@type":"ImageObject","inLanguage":"fr-FR","@id":"https:\/\/tomra.be\/fr\/produits\/solution-inpac\/t-70\/#primaryimage","url":"https:\/\/tomra.be\/wp-content\/uploads\/2022\/11\/TOMRA-T70-Single-en-Dual-leeggoedautomaat.png","contentUrl":"https:\/\/tomra.be\/wp-content\/uploads\/2022\/11\/TOMRA-T70-Single-en-Dual-leeggoedautomaat.png"},{"@type":"BreadcrumbList","@id":"https:\/\/tomra.be\/fr\/produits\/solution-inpac\/t-70\/#breadcrumb","itemListElement":[{"@type":"ListItem","position":1,"name":"Home","item":"https:\/\/tomra.be\/fr\/"},{"@type":"ListItem","position":2,"name":"Produits","item":"https:\/\/tomra.be\/fr\/produits\/"},{"@type":"ListItem","position":3,"name":"Solution InPac","item":"https:\/\/tomra.be\/fr\/produits\/solution-inpac\/"},{"@type":"ListItem","position":4,"name":"T70"}]},{"@type":"WebSite","@id":"https:\/\/tomra.be\/#website","url":"https:\/\/tomra.be\/","name":"TOMRA Collection Belgi\u00eb","description":"","potentialAction":[{"@type":"SearchAction","target":{"@type":"EntryPoint","urlTemplate":"https:\/\/tomra.be\/?s={search_term_string}"},"query-input":{"@type":"PropertyValueSpecification","valueRequired":true,"valueName":"search_term_string"}}],"inLanguage":"fr-FR"}]}},"_links":{"self":[{"href":"https:\/\/tomra.be\/fr\/wp-json\/wp\/v2\/pages\/9325","targetHints":{"allow":["GET"]}}],"collection":[{"href":"https:\/\/tomra.be\/fr\/wp-json\/wp\/v2\/pages"}],"about":[{"href":"https:\/\/tomra.be\/fr\/wp-json\/wp\/v2\/types\/page"}],"author":[{"embeddable":true,"href":"https:\/\/tomra.be\/fr\/wp-json\/wp\/v2\/users\/22"}],"replies":[{"embeddable":true,"href":"https:\/\/tomra.be\/fr\/wp-json\/wp\/v2\/comments?post=9325"}],"version-history":[{"count":10,"href":"https:\/\/tomra.be\/fr\/wp-json\/wp\/v2\/pages\/9325\/revisions"}],"predecessor-version":[{"id":12592,"href":"https:\/\/tomra.be\/fr\/wp-json\/wp\/v2\/pages\/9325\/revisions\/12592"}],"up":[{"embeddable":true,"href":"https:\/\/tomra.be\/fr\/wp-json\/wp\/v2\/pages\/9261"}],"wp:attachment":[{"href":"https:\/\/tomra.be\/fr\/wp-json\/wp\/v2\/media?parent=9325"}],"curies":[{"name":"wp","href":"https:\/\/api.w.org\/{rel}","templated":true}]}}