{"id":9298,"date":"2018-07-30T15:16:27","date_gmt":"2018-07-30T13:16:27","guid":{"rendered":"http:\/\/tomrabe.kinsta.cloud\/produits\/les-solutions-backroom\/"},"modified":"2022-12-15T12:38:42","modified_gmt":"2022-12-15T11:38:42","slug":"les-solutions-backroom","status":"publish","type":"page","link":"https:\/\/tomra.be\/fr\/produits\/les-solutions-backroom\/","title":{"rendered":"Les solutions backroom"},"content":{"rendered":"\n\n\t\t<h1>Les solutions backroom<\/h1>\t\t\n\t\t\t<p><strong>Les solutions backroom de TOMRA sont compos\u00e9es d&#8217;\u00e9quipements flexibles et combinables qui s&#8217;adaptent aux besoins de chaque client.<\/strong><\/p>\n\t\t\t<a href=\"https:\/\/tomra.be\/fr\/contact\/\" target=\"_self\" role=\"button\" rel=\"noopener\">\n\t\t\t\t\t\t\tDISCUTER DES OPTIONS\n\t\t\t\t\t<\/a>\n\t\t\t\t<img loading=\"lazy\" decoding=\"async\" src=\"https:\/\/tomra.be\/wp-content\/uploads\/2022\/10\/TOMRA-EasyPac.png\" alt=\"backroom oplossing\" itemprop=\"image\" height=\"2034\" width=\"3244\" title=\"TOMRA-EasyPac\" onerror=\"this.style.display='none'\"  \/>\n\t\t<h2>\t\n\tGamme de produits<\/h2>\t\t\n\t\t\t<p><strong>Les <a href=\"https:\/\/tomra.be\/fr\/produits\/\">machines de reprise vidange<\/a> TOMRA sont connect\u00e9es par l&#8217;arri\u00e8re \u00e0 ces \u00e9quipements, selon que vous choisissez une reprise de bouteilles et de casiers, avec table d&#8217;accumulation et chemin \u00e0 rouleaux, et\/ou une reprise d&#8217;emballages destin\u00e9s au compactage.<\/strong><\/p>\n\t\t\t\t<img loading=\"lazy\" decoding=\"async\" src=\"https:\/\/tomra.be\/wp-content\/uploads\/2022\/08\/TOMRA-Backroom-haaks-vrij-1.png\" alt=\"TOMRA Backroom En angle\" itemprop=\"image\" height=\"713\" width=\"990\" title=\"TOMRA-Backroom-En angle\" onerror=\"this.style.display='none'\"  \/>\n\t\t\t<h3>Table &#038; chemin \u00e0 rouleaux<\/h3>\t\t\t\n\t\t\t\t<p>Exemple de configuration, dans le cadre d&#8217;un syst\u00e8me combin\u00e9 (bouteilles et casiers), avec table,\u00a0\u00e9tag\u00e8re de tri et chemin \u00e0 rouleaux dont l&#8217;extr\u00e9mit\u00e9 s&#8217;ajuste pour une ergonomie optimale.\u00a0Les convoyeurs TOMRA sont \u00e9quip\u00e9s\u00a0de guides lat\u00e9raux qui garantissent un\u00a0transport s\u00e9curis\u00e9 des casiers.\u00a0Le convoyeur dans son ensemble et les\u00a0rouleaux notamment s&#8217;entretiennent\u00a0facilement. Le sol est rendu accessible,\u00a0pour un nettoyage complet, par le retrait\u00a0des tapis amovibles.<\/p>\n\t\t\t<a href=\"https:\/\/tomra.be\/fr\/produits\/les-solutions-backroom\/table-chemin-a-rouleaux\/\" target=\"_self\" role=\"button\" aria-label=\"EN SAVOIR PLUS\" rel=\"noopener\">\n\t\t\t\t\t\t\tEN SAVOIR PLUS\n\t\t<\/a>\n\t\t\t<h3>Solution EasyPac\u2122<\/h3>\t\t\t\n\t\t\t\t<p>EasyPac\u2122 trie, compacte et stocke les emballages collect\u00e9s. Cette solution en \u00ab arri\u00e8reboutique\u00a0\u00bb est configurable \u00e0 souhait, ce qui permet une flexibilit\u00e9 unique. Chaque\u00a0module est une unit\u00e9 ind\u00e9pendante, avec trieur et compacteur(s), offrant jusqu&#8217;\u00e0 deux\u00a0compartiments de stockage.<\/p>\n\t\t\t<a href=\"https:\/\/tomra.be\/fr\/produits\/les-solutions-backroom\/easypac\/\" target=\"_self\" role=\"button\" aria-label=\"EN SAVOIR PLUS\" rel=\"noopener\">\n\t\t\t\t\t\t\tEN SAVOIR PLUS\n\t\t<\/a>\n\t\t\t\t<img loading=\"lazy\" decoding=\"async\" src=\"https:\/\/tomra.be\/wp-content\/uploads\/2022\/10\/TOMRA-EasyPac.png\" alt=\"backroom oplossing\" itemprop=\"image\" height=\"2034\" width=\"3244\" title=\"TOMRA-EasyPac\" onerror=\"this.style.display='none'\"  \/>\n\t<h2>En savoir plus?<\/h2>\n\t\t\t<a href=\"https:\/\/tomra.be\/fr\/contact\/\" target=\"_self\" role=\"button\" rel=\"noopener\">\n\t\t\t\t\t\t\tCONTACTEZ-NOUS\n\t\t\t<\/a>\n\n","protected":false},"excerpt":{"rendered":"<p>Les solutions backroom Les solutions backroom de TOMRA sont compos\u00e9es d&#8217;\u00e9quipements flexibles et combinables qui s&#8217;adaptent aux besoins de chaque client. DISCUTER DES OPTIONS Gamme de produits Les machines de reprise vidange TOMRA sont connect\u00e9es par l&#8217;arri\u00e8re \u00e0 ces \u00e9quipements, selon que vous choisissez une reprise de bouteilles et de casiers, avec table d&#8217;accumulation et&hellip;<\/p>\n","protected":false},"author":22,"featured_media":0,"parent":9232,"menu_order":0,"comment_status":"closed","ping_status":"closed","template":"","meta":{"_acf_changed":false,"footnotes":""},"class_list":["post-9298","page","type-page","status-publish","hentry"],"acf":[],"yoast_head":"<!-- This site is optimized with the Yoast SEO plugin v25.3.1 - https:\/\/yoast.com\/wordpress\/plugins\/seo\/ -->\n<title>Les solutions backroom | TOMRA Systems N.V.<\/title>\n<meta name=\"description\" content=\"Les machines de reprise TOMRA sont connect\u00e9es par l\u2019arri\u00e8re \u00e0 ces \u00e9quipements, selon que vous choisissez une reprise de bouteilles et de casiers, avec table d\u2019accumulation et chemin \u00e0 rouleaux, et\/ou une reprise d\u2019emballages destin\u00e9s au compactage.\" \/>\n<meta name=\"robots\" content=\"index, follow, max-snippet:-1, max-image-preview:large, max-video-preview:-1\" \/>\n<link rel=\"canonical\" href=\"https:\/\/tomra.be\/fr\/produits\/les-solutions-backroom\/\" \/>\n<meta property=\"og:locale\" content=\"fr_FR\" \/>\n<meta property=\"og:type\" content=\"article\" \/>\n<meta property=\"og:title\" content=\"Les solutions backroom | TOMRA Systems N.V.\" \/>\n<meta property=\"og:description\" content=\"Les machines de reprise TOMRA sont connect\u00e9es par l\u2019arri\u00e8re \u00e0 ces \u00e9quipements, selon que vous choisissez une reprise de bouteilles et de casiers, avec table d\u2019accumulation et chemin \u00e0 rouleaux, et\/ou une reprise d\u2019emballages destin\u00e9s au compactage.\" \/>\n<meta property=\"og:url\" content=\"https:\/\/tomra.be\/fr\/produits\/les-solutions-backroom\/\" \/>\n<meta property=\"og:site_name\" content=\"TOMRA Collection Belgi\u00eb\" \/>\n<meta property=\"article:modified_time\" content=\"2022-12-15T11:38:42+00:00\" \/>\n<meta property=\"og:image\" content=\"https:\/\/tomra.be\/wp-content\/uploads\/2022\/10\/TOMRA-EasyPac.png\" \/>\n<meta name=\"twitter:card\" content=\"summary_large_image\" \/>\n<meta name=\"twitter:label1\" content=\"Est. reading time\" \/>\n\t<meta name=\"twitter:data1\" content=\"1 minute\" \/>\n<script type=\"application\/ld+json\" class=\"yoast-schema-graph\">{\"@context\":\"https:\/\/schema.org\",\"@graph\":[{\"@type\":\"WebPage\",\"@id\":\"https:\/\/tomra.be\/fr\/produits\/les-solutions-backroom\/\",\"url\":\"https:\/\/tomra.be\/fr\/produits\/les-solutions-backroom\/\",\"name\":\"Les solutions backroom | TOMRA Systems N.V.\",\"isPartOf\":{\"@id\":\"https:\/\/tomra.be\/#website\"},\"primaryImageOfPage\":{\"@id\":\"https:\/\/tomra.be\/fr\/produits\/les-solutions-backroom\/#primaryimage\"},\"image\":{\"@id\":\"https:\/\/tomra.be\/fr\/produits\/les-solutions-backroom\/#primaryimage\"},\"thumbnailUrl\":\"https:\/\/tomra.be\/wp-content\/uploads\/2022\/10\/TOMRA-EasyPac.png\",\"datePublished\":\"2018-07-30T13:16:27+00:00\",\"dateModified\":\"2022-12-15T11:38:42+00:00\",\"description\":\"Les machines de reprise TOMRA sont connect\u00e9es par l\u2019arri\u00e8re \u00e0 ces \u00e9quipements, selon que vous choisissez une reprise de bouteilles et de casiers, avec table d\u2019accumulation et chemin \u00e0 rouleaux, et\/ou une reprise d\u2019emballages destin\u00e9s au compactage.\",\"breadcrumb\":{\"@id\":\"https:\/\/tomra.be\/fr\/produits\/les-solutions-backroom\/#breadcrumb\"},\"inLanguage\":\"fr-FR\",\"potentialAction\":[{\"@type\":\"ReadAction\",\"target\":[\"https:\/\/tomra.be\/fr\/produits\/les-solutions-backroom\/\"]}]},{\"@type\":\"ImageObject\",\"inLanguage\":\"fr-FR\",\"@id\":\"https:\/\/tomra.be\/fr\/produits\/les-solutions-backroom\/#primaryimage\",\"url\":\"https:\/\/tomra.be\/wp-content\/uploads\/2022\/10\/TOMRA-EasyPac.png\",\"contentUrl\":\"https:\/\/tomra.be\/wp-content\/uploads\/2022\/10\/TOMRA-EasyPac.png\"},{\"@type\":\"BreadcrumbList\",\"@id\":\"https:\/\/tomra.be\/fr\/produits\/les-solutions-backroom\/#breadcrumb\",\"itemListElement\":[{\"@type\":\"ListItem\",\"position\":1,\"name\":\"Home\",\"item\":\"https:\/\/tomra.be\/fr\/\"},{\"@type\":\"ListItem\",\"position\":2,\"name\":\"Produits\",\"item\":\"https:\/\/tomra.be\/fr\/produits\/\"},{\"@type\":\"ListItem\",\"position\":3,\"name\":\"Les solutions backroom\"}]},{\"@type\":\"WebSite\",\"@id\":\"https:\/\/tomra.be\/#website\",\"url\":\"https:\/\/tomra.be\/\",\"name\":\"TOMRA Collection Belgi\u00eb\",\"description\":\"\",\"potentialAction\":[{\"@type\":\"SearchAction\",\"target\":{\"@type\":\"EntryPoint\",\"urlTemplate\":\"https:\/\/tomra.be\/?s={search_term_string}\"},\"query-input\":{\"@type\":\"PropertyValueSpecification\",\"valueRequired\":true,\"valueName\":\"search_term_string\"}}],\"inLanguage\":\"fr-FR\"}]}<\/script>\n<!-- \/ Yoast SEO plugin. -->","yoast_head_json":{"title":"Les solutions backroom | TOMRA Systems N.V.","description":"Les machines de reprise TOMRA sont connect\u00e9es par l\u2019arri\u00e8re \u00e0 ces \u00e9quipements, selon que vous choisissez une reprise de bouteilles et de casiers, avec table d\u2019accumulation et chemin \u00e0 rouleaux, et\/ou une reprise d\u2019emballages destin\u00e9s au compactage.","robots":{"index":"index","follow":"follow","max-snippet":"max-snippet:-1","max-image-preview":"max-image-preview:large","max-video-preview":"max-video-preview:-1"},"canonical":"https:\/\/tomra.be\/fr\/produits\/les-solutions-backroom\/","og_locale":"fr_FR","og_type":"article","og_title":"Les solutions backroom | TOMRA Systems N.V.","og_description":"Les machines de reprise TOMRA sont connect\u00e9es par l\u2019arri\u00e8re \u00e0 ces \u00e9quipements, selon que vous choisissez une reprise de bouteilles et de casiers, avec table d\u2019accumulation et chemin \u00e0 rouleaux, et\/ou une reprise d\u2019emballages destin\u00e9s au compactage.","og_url":"https:\/\/tomra.be\/fr\/produits\/les-solutions-backroom\/","og_site_name":"TOMRA Collection Belgi\u00eb","article_modified_time":"2022-12-15T11:38:42+00:00","og_image":[{"url":"https:\/\/tomra.be\/wp-content\/uploads\/2022\/10\/TOMRA-EasyPac.png","type":"","width":"","height":""}],"twitter_card":"summary_large_image","twitter_misc":{"Est. reading time":"1 minute"},"schema":{"@context":"https:\/\/schema.org","@graph":[{"@type":"WebPage","@id":"https:\/\/tomra.be\/fr\/produits\/les-solutions-backroom\/","url":"https:\/\/tomra.be\/fr\/produits\/les-solutions-backroom\/","name":"Les solutions backroom | TOMRA Systems N.V.","isPartOf":{"@id":"https:\/\/tomra.be\/#website"},"primaryImageOfPage":{"@id":"https:\/\/tomra.be\/fr\/produits\/les-solutions-backroom\/#primaryimage"},"image":{"@id":"https:\/\/tomra.be\/fr\/produits\/les-solutions-backroom\/#primaryimage"},"thumbnailUrl":"https:\/\/tomra.be\/wp-content\/uploads\/2022\/10\/TOMRA-EasyPac.png","datePublished":"2018-07-30T13:16:27+00:00","dateModified":"2022-12-15T11:38:42+00:00","description":"Les machines de reprise TOMRA sont connect\u00e9es par l\u2019arri\u00e8re \u00e0 ces \u00e9quipements, selon que vous choisissez une reprise de bouteilles et de casiers, avec table d\u2019accumulation et chemin \u00e0 rouleaux, et\/ou une reprise d\u2019emballages destin\u00e9s au compactage.","breadcrumb":{"@id":"https:\/\/tomra.be\/fr\/produits\/les-solutions-backroom\/#breadcrumb"},"inLanguage":"fr-FR","potentialAction":[{"@type":"ReadAction","target":["https:\/\/tomra.be\/fr\/produits\/les-solutions-backroom\/"]}]},{"@type":"ImageObject","inLanguage":"fr-FR","@id":"https:\/\/tomra.be\/fr\/produits\/les-solutions-backroom\/#primaryimage","url":"https:\/\/tomra.be\/wp-content\/uploads\/2022\/10\/TOMRA-EasyPac.png","contentUrl":"https:\/\/tomra.be\/wp-content\/uploads\/2022\/10\/TOMRA-EasyPac.png"},{"@type":"BreadcrumbList","@id":"https:\/\/tomra.be\/fr\/produits\/les-solutions-backroom\/#breadcrumb","itemListElement":[{"@type":"ListItem","position":1,"name":"Home","item":"https:\/\/tomra.be\/fr\/"},{"@type":"ListItem","position":2,"name":"Produits","item":"https:\/\/tomra.be\/fr\/produits\/"},{"@type":"ListItem","position":3,"name":"Les solutions backroom"}]},{"@type":"WebSite","@id":"https:\/\/tomra.be\/#website","url":"https:\/\/tomra.be\/","name":"TOMRA Collection Belgi\u00eb","description":"","potentialAction":[{"@type":"SearchAction","target":{"@type":"EntryPoint","urlTemplate":"https:\/\/tomra.be\/?s={search_term_string}"},"query-input":{"@type":"PropertyValueSpecification","valueRequired":true,"valueName":"search_term_string"}}],"inLanguage":"fr-FR"}]}},"_links":{"self":[{"href":"https:\/\/tomra.be\/fr\/wp-json\/wp\/v2\/pages\/9298","targetHints":{"allow":["GET"]}}],"collection":[{"href":"https:\/\/tomra.be\/fr\/wp-json\/wp\/v2\/pages"}],"about":[{"href":"https:\/\/tomra.be\/fr\/wp-json\/wp\/v2\/types\/page"}],"author":[{"embeddable":true,"href":"https:\/\/tomra.be\/fr\/wp-json\/wp\/v2\/users\/22"}],"replies":[{"embeddable":true,"href":"https:\/\/tomra.be\/fr\/wp-json\/wp\/v2\/comments?post=9298"}],"version-history":[{"count":10,"href":"https:\/\/tomra.be\/fr\/wp-json\/wp\/v2\/pages\/9298\/revisions"}],"predecessor-version":[{"id":12396,"href":"https:\/\/tomra.be\/fr\/wp-json\/wp\/v2\/pages\/9298\/revisions\/12396"}],"up":[{"embeddable":true,"href":"https:\/\/tomra.be\/fr\/wp-json\/wp\/v2\/pages\/9232"}],"wp:attachment":[{"href":"https:\/\/tomra.be\/fr\/wp-json\/wp\/v2\/media?parent=9298"}],"curies":[{"name":"wp","href":"https:\/\/api.w.org\/{rel}","templated":true}]}}