{"id":9274,"date":"2018-07-24T11:11:43","date_gmt":"2018-07-24T09:11:43","guid":{"rendered":"http:\/\/tomrabe.kinsta.cloud\/produits\/machines-frontales\/t-8\/"},"modified":"2022-11-15T12:08:27","modified_gmt":"2022-11-15T11:08:27","slug":"t-8","status":"publish","type":"page","link":"https:\/\/tomra.be\/fr\/produits\/machines-frontales\/t-8\/","title":{"rendered":"T8"},"content":{"rendered":"\n<h1>\n\t\tTOMRA T8: Technique innovante\n\t<\/h1>\n\t<p>L&#8217;automate T8 pour <a href=\"https:\/\/tomra.be\/fr\/produits\/\">la reprise d&#8217;emballages<\/a> de boissonsest \u00e9quip\u00e9 de la TOMRA Flow Technology\u2122. Avec l&#8217;av\u00e8nement du T8, TOMRA rend la technologie utilis\u00e9e dans l&#8217;automate premium T9 accessible aux magasins ayant des volumes de reprise inf\u00e9rieurs ou moyens.<\/p>\n\t\t\t<a href=\"https:\/\/tomra.be\/wp-content\/uploads\/2022\/06\/TOMRA-leaflet-T8-FR.pdf\" target=\"_self\" role=\"button\" rel=\"noopener\">\n\t\t\t\t\t\tT\u00c9L\u00c9CHARGER LEAFLET\n\t\t\t\t\t<\/a>\n\t\t\t\t<img loading=\"lazy\" decoding=\"async\" src=\"https:\/\/tomra.be\/wp-content\/uploads\/2022\/11\/TOMRA-T8-leeggoedautomaat-voorzijde.png\" alt=\"TOMRA T8 leeggoedautomaat voorzijde\" itemprop=\"image\" height=\"1204\" width=\"458\" title=\"TOMRA T8 leeggoedautomaat voorzijde\" onerror=\"this.style.display='none'\"  \/>\n<h2>\n\t\tPourquoi le T8?\n\t<\/h2>\n\t\t\t\t<img loading=\"lazy\" decoding=\"async\" src=\"https:\/\/tomra.be\/wp-content\/uploads\/2018\/07\/BackgroundRV2015-circle.jpg\" alt=\"TOMRA La technologie\" itemprop=\"image\" height=\"864\" width=\"864\" title=\"TOMRA La technologie\" onerror=\"this.style.display='none'\"  \/>\n<h3>\n\t\tPlus rapide\n\t<\/h3>\n\t<p>Gr\u00e2ce \u00e0 des techniques d&#8217;identification innovantes, les objets collect\u00e9s sont reconnus directement. La technique novatrice de pr\u00e9vention de fraudes assure le plus haut niveau de pr\u00e9cision et de s\u00e9curit\u00e9.<\/p>\n\t\t\t\t<img loading=\"lazy\" decoding=\"async\" src=\"https:\/\/tomra.be\/wp-content\/uploads\/2022\/08\/T-9-reiniging-infeed-circle.png\" alt=\"T9 reiniging infeed\" itemprop=\"image\" height=\"600\" width=\"600\" title=\"T-9-reiniging-infeed-circle\" onerror=\"this.style.display='none'\"  \/>\n<h3>\n\t\tNettoyage facile\n\t<\/h3>\n\t<p>L&#8217;objet intelligent et l&#8217;interface utilisateur intuitive rendent le travail de nettoyage moins intensif. Les op\u00e9rations pour nettoyer la machine sont, en outre, plus faciles \u00e0 ex\u00e9cuter que jamais. Tout le monde peut le faire.<\/p>\n\t\t\t\t<img loading=\"lazy\" decoding=\"async\" src=\"https:\/\/tomra.be\/wp-content\/uploads\/2018\/07\/T-8-in-gebruik-circle.png\" alt=\"TOMRA T-8 utilis\u00e9\" itemprop=\"image\" height=\"1046\" width=\"1046\" title=\"TOMRA T-8 utilis\u00e9\" onerror=\"this.style.display='none'\"  \/>\n<h3>\n\t\tAccepte tout\n\t<\/h3>\n\t<p>Le syst\u00e8me interconnect\u00e9 de cam\u00e9ras et de capteurs, qui scanne chaque bouteille rendue m\u00eame caboss\u00e9e, sur la forme ou le code-barres, rend la rotation de la bouteille superflue. Les emballages de boissons sont collect\u00e9s de mani\u00e8re fluide.<\/p>\n<h2>\n\t\tTechnologie int\u00e9gr\u00e9\u00e9\n\t<\/h2>\n\t<p>Le T8 est \u00e9quip\u00e9 de TOMRA Flow Technology\u2122. Ceci est le premier syst\u00e8me au monde d&#8217;identification sur 360 degr\u00e9s qui est appliqu\u00e9 \u00e0 des automates pour emballages de boissons. La technologie vous garantit un niveau exceptionnel d&#8217;efficacit\u00e9 op\u00e9rationnelle et de fiabilit\u00e9. De plus, l&#8217;automate combin\u00e9 est dot\u00e9 de TOMRA True Vision Technology\u2122 pour les caisses. Cette technologie assure un haut niveau de pr\u00e9cision, s\u00e9curit\u00e9 et de la facilit\u00e9 d&#8217;utilisation.<\/p>\n\t\t\t\t<img decoding=\"async\" src=\"https:\/\/tomra.be\/wp-content\/uploads\/2018\/07\/TOMRA-Flow-logo.png\" alt=\"TOMRA Flow Technology\" title=\"TOMRA Flow Technology\" itemprop=\"image\"\/>\n\t\t<h4>TOMRA Flow Technology\u2122<\/h4>\n\t\t\t\t<p>La toute derni\u00e8re technologie de reconnaissance des contenants, la technologie TOMRA Flow\u2122 r\u00e9soud les probl\u00e8mes classiques de mani\u00e8re totalement novatrice. Elle est ax\u00e9e sur des capacit\u00e9s machine uniques et offre une s\u00e9curit\u00e9 et une pr\u00e9cision impeccables.\u00a0Avec cette technologie unique, TOMRA red\u00e9finit les normes de l&#8217;industrie, une fois de plus.<\/p>\n\t\t\t\t<img decoding=\"async\" src=\"https:\/\/tomra.be\/wp-content\/uploads\/2018\/07\/TOMRA-True-Vision-logo.png\" alt=\"TOMRA True Vision Technology\" title=\"TOMRA True Vision Technology\" itemprop=\"image\"\/>\n\t\t<h4>TOMRA True Vision Technology\u2122<\/h4>\n\t\t\t\t<p>True Vision\u2122 de TOMRA est la technologie la plus avanc\u00e9e disponible dans le domaine de la reconnaissance des caisses et des bouteilles en caisses.\u00a0Contrairement aux composantes classiques utilis\u00e9es, les syst\u00e8mes de source optiques et lumineuses de True Vision\u2122 sont sp\u00e9cifiquement con\u00e7us par TOMRA pour optimiser le rendement de ces t\u00e2ches.<\/p>\n<h2>\n\t\tServices &#038; solutions digitales\n\t<\/h2>\n\t\t<h3>Prestation de services<\/h3>\n\t\t\t\t<p>La fourniture d&#8217;appareillage de grande qualit\u00e9 est un crit\u00e8re, mais un autre crit\u00e8re tout aussi important est la prestation de services que nous proposons \u00e0 notre client.<\/p>\n<p><a href=\"https:\/\/tomra.be\/fr\/prestation-de-services\/\">En savoir plus<\/a><\/p>\n\t\t<h3>TOMRA Connect<\/h3>\n\t\t\t\t<p>Le portefeuille de logiciels TOMRA Connect apporte &#8220;L&#8217;internet des objets&#8221; au recyclage. Le fait de relier les d\u00e9consignes automatique aux logiciels en ligne cr\u00e9e des nouvelles fonctionnalit\u00e9s.<\/p>\n<p><a href=\"https:\/\/tomra.be\/fr\/connect\/\"><u>En savoir plus<\/u><\/a><\/p>\n\t<h2>En savoir plus?<\/h2>\n\t\t\t<a href=\"https:\/\/tomra.be\/fr\/contact\/\" target=\"_self\" role=\"button\" rel=\"noopener\">\n\t\t\t\t\t\t\tCONTACTEZ-NOUS\n\t\t\t<\/a>\n\n","protected":false},"excerpt":{"rendered":"<p>TOMRA T8: Technique innovante L&#8217;automate T8 pour la reprise d&#8217;emballages de boissonsest \u00e9quip\u00e9 de la TOMRA Flow Technology\u2122. Avec l&#8217;av\u00e8nement du T8, TOMRA rend la technologie utilis\u00e9e dans l&#8217;automate premium T9 accessible aux magasins ayant des volumes de reprise inf\u00e9rieurs ou moyens. T\u00c9L\u00c9CHARGER LEAFLET Pourquoi le T8? Plus rapide Gr\u00e2ce \u00e0 des techniques d&#8217;identification innovantes,&hellip;<\/p>\n","protected":false},"author":22,"featured_media":0,"parent":9253,"menu_order":0,"comment_status":"closed","ping_status":"closed","template":"","meta":{"_acf_changed":false,"footnotes":""},"class_list":["post-9274","page","type-page","status-publish","hentry"],"acf":[],"yoast_head":"<!-- This site is optimized with the Yoast SEO plugin v25.3.1 - https:\/\/yoast.com\/wordpress\/plugins\/seo\/ -->\n<title>TOMRA T8 | Machines reprise vidanges<\/title>\n<meta name=\"description\" content=\"Avec l\u2019av\u00e8nement du T8, TOMRA rend la technologie utilis\u00e9e dans l\u2019automate premium T9 accessible aux magasins ayant des volumes de reprise inf\u00e9rieurs ou moyens.\" \/>\n<meta name=\"robots\" content=\"index, follow, max-snippet:-1, max-image-preview:large, max-video-preview:-1\" \/>\n<link rel=\"canonical\" href=\"https:\/\/tomra.be\/fr\/produits\/machines-frontales\/t-8\/\" \/>\n<meta property=\"og:locale\" content=\"fr_FR\" \/>\n<meta property=\"og:type\" content=\"article\" \/>\n<meta property=\"og:title\" content=\"TOMRA T8 | Machines reprise vidanges\" \/>\n<meta property=\"og:description\" content=\"Avec l\u2019av\u00e8nement du T8, TOMRA rend la technologie utilis\u00e9e dans l\u2019automate premium T9 accessible aux magasins ayant des volumes de reprise inf\u00e9rieurs ou moyens.\" \/>\n<meta property=\"og:url\" content=\"https:\/\/tomra.be\/fr\/produits\/machines-frontales\/t-8\/\" \/>\n<meta property=\"og:site_name\" content=\"TOMRA Collection Belgi\u00eb\" \/>\n<meta property=\"article:modified_time\" content=\"2022-11-15T11:08:27+00:00\" \/>\n<meta property=\"og:image\" content=\"https:\/\/tomra.be\/wp-content\/uploads\/2022\/11\/TOMRA-T8-leeggoedautomaat-voorzijde.png\" \/>\n<meta name=\"twitter:card\" content=\"summary_large_image\" \/>\n<meta name=\"twitter:label1\" content=\"Est. reading time\" \/>\n\t<meta name=\"twitter:data1\" content=\"4 minutes\" \/>\n<script type=\"application\/ld+json\" class=\"yoast-schema-graph\">{\"@context\":\"https:\/\/schema.org\",\"@graph\":[{\"@type\":\"WebPage\",\"@id\":\"https:\/\/tomra.be\/fr\/produits\/machines-frontales\/t-8\/\",\"url\":\"https:\/\/tomra.be\/fr\/produits\/machines-frontales\/t-8\/\",\"name\":\"TOMRA T8 | Machines reprise vidanges\",\"isPartOf\":{\"@id\":\"https:\/\/tomra.be\/#website\"},\"primaryImageOfPage\":{\"@id\":\"https:\/\/tomra.be\/fr\/produits\/machines-frontales\/t-8\/#primaryimage\"},\"image\":{\"@id\":\"https:\/\/tomra.be\/fr\/produits\/machines-frontales\/t-8\/#primaryimage\"},\"thumbnailUrl\":\"https:\/\/tomra.be\/wp-content\/uploads\/2022\/11\/TOMRA-T8-leeggoedautomaat-voorzijde.png\",\"datePublished\":\"2018-07-24T09:11:43+00:00\",\"dateModified\":\"2022-11-15T11:08:27+00:00\",\"description\":\"Avec l\u2019av\u00e8nement du T8, TOMRA rend la technologie utilis\u00e9e dans l\u2019automate premium T9 accessible aux magasins ayant des volumes de reprise inf\u00e9rieurs ou moyens.\",\"breadcrumb\":{\"@id\":\"https:\/\/tomra.be\/fr\/produits\/machines-frontales\/t-8\/#breadcrumb\"},\"inLanguage\":\"fr-FR\",\"potentialAction\":[{\"@type\":\"ReadAction\",\"target\":[\"https:\/\/tomra.be\/fr\/produits\/machines-frontales\/t-8\/\"]}]},{\"@type\":\"ImageObject\",\"inLanguage\":\"fr-FR\",\"@id\":\"https:\/\/tomra.be\/fr\/produits\/machines-frontales\/t-8\/#primaryimage\",\"url\":\"https:\/\/tomra.be\/wp-content\/uploads\/2022\/11\/TOMRA-T8-leeggoedautomaat-voorzijde.png\",\"contentUrl\":\"https:\/\/tomra.be\/wp-content\/uploads\/2022\/11\/TOMRA-T8-leeggoedautomaat-voorzijde.png\"},{\"@type\":\"BreadcrumbList\",\"@id\":\"https:\/\/tomra.be\/fr\/produits\/machines-frontales\/t-8\/#breadcrumb\",\"itemListElement\":[{\"@type\":\"ListItem\",\"position\":1,\"name\":\"Home\",\"item\":\"https:\/\/tomra.be\/fr\/\"},{\"@type\":\"ListItem\",\"position\":2,\"name\":\"Produits\",\"item\":\"https:\/\/tomra.be\/fr\/produits\/\"},{\"@type\":\"ListItem\",\"position\":3,\"name\":\"Machines frontales\",\"item\":\"https:\/\/tomra.be\/fr\/produits\/machines-frontales\/\"},{\"@type\":\"ListItem\",\"position\":4,\"name\":\"T8\"}]},{\"@type\":\"WebSite\",\"@id\":\"https:\/\/tomra.be\/#website\",\"url\":\"https:\/\/tomra.be\/\",\"name\":\"TOMRA Collection Belgi\u00eb\",\"description\":\"\",\"potentialAction\":[{\"@type\":\"SearchAction\",\"target\":{\"@type\":\"EntryPoint\",\"urlTemplate\":\"https:\/\/tomra.be\/?s={search_term_string}\"},\"query-input\":{\"@type\":\"PropertyValueSpecification\",\"valueRequired\":true,\"valueName\":\"search_term_string\"}}],\"inLanguage\":\"fr-FR\"}]}<\/script>\n<!-- \/ Yoast SEO plugin. -->","yoast_head_json":{"title":"TOMRA T8 | Machines reprise vidanges","description":"Avec l\u2019av\u00e8nement du T8, TOMRA rend la technologie utilis\u00e9e dans l\u2019automate premium T9 accessible aux magasins ayant des volumes de reprise inf\u00e9rieurs ou moyens.","robots":{"index":"index","follow":"follow","max-snippet":"max-snippet:-1","max-image-preview":"max-image-preview:large","max-video-preview":"max-video-preview:-1"},"canonical":"https:\/\/tomra.be\/fr\/produits\/machines-frontales\/t-8\/","og_locale":"fr_FR","og_type":"article","og_title":"TOMRA T8 | Machines reprise vidanges","og_description":"Avec l\u2019av\u00e8nement du T8, TOMRA rend la technologie utilis\u00e9e dans l\u2019automate premium T9 accessible aux magasins ayant des volumes de reprise inf\u00e9rieurs ou moyens.","og_url":"https:\/\/tomra.be\/fr\/produits\/machines-frontales\/t-8\/","og_site_name":"TOMRA Collection Belgi\u00eb","article_modified_time":"2022-11-15T11:08:27+00:00","og_image":[{"url":"https:\/\/tomra.be\/wp-content\/uploads\/2022\/11\/TOMRA-T8-leeggoedautomaat-voorzijde.png","type":"","width":"","height":""}],"twitter_card":"summary_large_image","twitter_misc":{"Est. reading time":"4 minutes"},"schema":{"@context":"https:\/\/schema.org","@graph":[{"@type":"WebPage","@id":"https:\/\/tomra.be\/fr\/produits\/machines-frontales\/t-8\/","url":"https:\/\/tomra.be\/fr\/produits\/machines-frontales\/t-8\/","name":"TOMRA T8 | Machines reprise vidanges","isPartOf":{"@id":"https:\/\/tomra.be\/#website"},"primaryImageOfPage":{"@id":"https:\/\/tomra.be\/fr\/produits\/machines-frontales\/t-8\/#primaryimage"},"image":{"@id":"https:\/\/tomra.be\/fr\/produits\/machines-frontales\/t-8\/#primaryimage"},"thumbnailUrl":"https:\/\/tomra.be\/wp-content\/uploads\/2022\/11\/TOMRA-T8-leeggoedautomaat-voorzijde.png","datePublished":"2018-07-24T09:11:43+00:00","dateModified":"2022-11-15T11:08:27+00:00","description":"Avec l\u2019av\u00e8nement du T8, TOMRA rend la technologie utilis\u00e9e dans l\u2019automate premium T9 accessible aux magasins ayant des volumes de reprise inf\u00e9rieurs ou moyens.","breadcrumb":{"@id":"https:\/\/tomra.be\/fr\/produits\/machines-frontales\/t-8\/#breadcrumb"},"inLanguage":"fr-FR","potentialAction":[{"@type":"ReadAction","target":["https:\/\/tomra.be\/fr\/produits\/machines-frontales\/t-8\/"]}]},{"@type":"ImageObject","inLanguage":"fr-FR","@id":"https:\/\/tomra.be\/fr\/produits\/machines-frontales\/t-8\/#primaryimage","url":"https:\/\/tomra.be\/wp-content\/uploads\/2022\/11\/TOMRA-T8-leeggoedautomaat-voorzijde.png","contentUrl":"https:\/\/tomra.be\/wp-content\/uploads\/2022\/11\/TOMRA-T8-leeggoedautomaat-voorzijde.png"},{"@type":"BreadcrumbList","@id":"https:\/\/tomra.be\/fr\/produits\/machines-frontales\/t-8\/#breadcrumb","itemListElement":[{"@type":"ListItem","position":1,"name":"Home","item":"https:\/\/tomra.be\/fr\/"},{"@type":"ListItem","position":2,"name":"Produits","item":"https:\/\/tomra.be\/fr\/produits\/"},{"@type":"ListItem","position":3,"name":"Machines frontales","item":"https:\/\/tomra.be\/fr\/produits\/machines-frontales\/"},{"@type":"ListItem","position":4,"name":"T8"}]},{"@type":"WebSite","@id":"https:\/\/tomra.be\/#website","url":"https:\/\/tomra.be\/","name":"TOMRA Collection Belgi\u00eb","description":"","potentialAction":[{"@type":"SearchAction","target":{"@type":"EntryPoint","urlTemplate":"https:\/\/tomra.be\/?s={search_term_string}"},"query-input":{"@type":"PropertyValueSpecification","valueRequired":true,"valueName":"search_term_string"}}],"inLanguage":"fr-FR"}]}},"_links":{"self":[{"href":"https:\/\/tomra.be\/fr\/wp-json\/wp\/v2\/pages\/9274","targetHints":{"allow":["GET"]}}],"collection":[{"href":"https:\/\/tomra.be\/fr\/wp-json\/wp\/v2\/pages"}],"about":[{"href":"https:\/\/tomra.be\/fr\/wp-json\/wp\/v2\/types\/page"}],"author":[{"embeddable":true,"href":"https:\/\/tomra.be\/fr\/wp-json\/wp\/v2\/users\/22"}],"replies":[{"embeddable":true,"href":"https:\/\/tomra.be\/fr\/wp-json\/wp\/v2\/comments?post=9274"}],"version-history":[{"count":10,"href":"https:\/\/tomra.be\/fr\/wp-json\/wp\/v2\/pages\/9274\/revisions"}],"predecessor-version":[{"id":12253,"href":"https:\/\/tomra.be\/fr\/wp-json\/wp\/v2\/pages\/9274\/revisions\/12253"}],"up":[{"embeddable":true,"href":"https:\/\/tomra.be\/fr\/wp-json\/wp\/v2\/pages\/9253"}],"wp:attachment":[{"href":"https:\/\/tomra.be\/fr\/wp-json\/wp\/v2\/media?parent=9274"}],"curies":[{"name":"wp","href":"https:\/\/api.w.org\/{rel}","templated":true}]}}