{"id":9261,"date":"2018-07-23T15:20:27","date_gmt":"2018-07-23T13:20:27","guid":{"rendered":"http:\/\/tomrabe.kinsta.cloud\/produits\/solution-inpac\/"},"modified":"2023-07-13T12:57:19","modified_gmt":"2023-07-13T10:57:19","slug":"solution-inpac","status":"publish","type":"page","link":"https:\/\/tomra.be\/fr\/produits\/solution-inpac\/","title":{"rendered":"Solution InPac"},"content":{"rendered":"\n\n\t\t<h1>La solution InPac\u2122<\/h1>\t\t\n\t\t\t<p><strong>La <a href=\"https:\/\/tomra.be\/fr\/produits\/\">solution<\/a> InPac\u2122 dispose de toutes les fonctionnalit\u00e9s int\u00e9gr\u00e9es en une seule unit\u00e9 avec stockage interne avec ou sans compactage.<\/strong><\/p>\n\t\t\t<a href=\"https:\/\/tomra.be\/fr\/contact\/\" target=\"_self\" rel=\"noopener\">\n\t\t\t\t\t\t\tDISCUTER DES OPTIONS\n\t\t\t\t\t<\/a>\n\t\t\t\t<img loading=\"lazy\" decoding=\"async\" src=\"https:\/\/tomra.be\/wp-content\/uploads\/2022\/11\/TOMRA-T90-leeggoedautomaat.png\" alt=\"TOMRA T90 leeggoedautomaat\" itemprop=\"image\" height=\"1416\" width=\"1536\" title=\"TOMRA T90 leeggoedautomaat\" onerror=\"this.style.display='none'\"  \/>\n\t\t<h2>\t\n\tGamme de produits<\/h2>\t\t\n\t\t\t<p><strong>Les syst\u00e8mes InPac de TOMRA consistent en des machines pleinement op\u00e9rationnelles et autonomes. Pour certains march\u00e9s, la machine est imbriqu\u00e9 dans un mur.<\/strong><\/p>\n\t\t\t\t<img loading=\"lazy\" decoding=\"async\" src=\"https:\/\/tomra.be\/wp-content\/uploads\/2022\/11\/TOMRA-T90-leeggoedautomaat.png\" alt=\"TOMRA T90 leeggoedautomaat\" itemprop=\"image\" height=\"1416\" width=\"1536\" title=\"TOMRA T90 leeggoedautomaat\" onerror=\"this.style.display='none'\"  \/>\n\t\t\t<h3>T90<\/h3><h4>Puissance ind\u00e9pendante<\/h4>\t\t\t\n\t\t\t\t<p>Le T90 a \u00e9t\u00e9 con\u00e7u pour des magasins qui ont besoin d&#8217;une machine autonome pour bouteilles consign\u00e9es avec compactage int\u00e9gr\u00e9 et une capacit\u00e9 de stockage \u00e9lev\u00e9e. L&#8217;appareil convient pour collecter des bouteilles en verre, des bouteilles en PET et des cannettes.<\/p>\n\t\t\t<a href=\"https:\/\/tomra.be\/fr\/produits\/solution-inpac\/t-90\/\" target=\"_self\" role=\"button\" aria-label=\"EN SAVOIR PLUS\" rel=\"noopener\">\n\t\t\t\t\t\t\tEN SAVOIR PLUS\n\t\t<\/a>\n\t\t\t<h3>T70 Single &#038; Dual<\/h3><h4>Ind\u00e9pendant et compact<\/h4>\t\t\t\n\t\t\t\t<p>Le T70 a \u00e9t\u00e9 con\u00e7u pour des magasins qui ont besoin d&#8217;un automate de reprise vidange avec un compactage int\u00e9gr\u00e9 et une capacit\u00e9 de stockage moyenne. L&#8217;automate convient pour collecter des bouteilles en verre, des bouteilles en PET et des cannettes.<\/p>\n\t\t\t<a href=\"https:\/\/tomra.be\/fr\/produits\/solution-inpac\/t-70\/\" target=\"_self\" role=\"button\" aria-label=\"EN SAVOIR PLUS\" rel=\"noopener\">\n\t\t\t\t\t\t\tEN SAVOIR PLUS\n\t\t<\/a>\n\t\t\t\t<img loading=\"lazy\" decoding=\"async\" src=\"https:\/\/tomra.be\/wp-content\/uploads\/2022\/11\/TOMRA-T70-Single-en-Dual-leeggoedautomaat.png\" alt=\"TOMRA T70 Single en Dual leeggoedautomaat\" itemprop=\"image\" height=\"983\" width=\"983\" title=\"TOMRA T70 Single en Dual leeggoedautomaat\" onerror=\"this.style.display='none'\"  \/>\n\t<h2>En savoir plus?<\/h2>\n\t\t\t<a href=\"https:\/\/tomra.be\/fr\/contact\/\" target=\"_self\" rel=\"noopener\">\n\t\t\t\t\t\t\tCONTACTEZ-NOUS\n\t\t\t<\/a>\n\n","protected":false},"excerpt":{"rendered":"<p>La solution InPac\u2122 La solution InPac\u2122 dispose de toutes les fonctionnalit\u00e9s int\u00e9gr\u00e9es en une seule unit\u00e9 avec stockage interne avec ou sans compactage. DISCUTER DES OPTIONS Gamme de produits Les syst\u00e8mes InPac de TOMRA consistent en des machines pleinement op\u00e9rationnelles et autonomes. Pour certains march\u00e9s, la machine est imbriqu\u00e9 dans un mur. T90 Puissance ind\u00e9pendante&hellip;<\/p>\n","protected":false},"author":22,"featured_media":0,"parent":9232,"menu_order":0,"comment_status":"closed","ping_status":"closed","template":"","meta":{"_acf_changed":false,"footnotes":""},"class_list":["post-9261","page","type-page","status-publish","hentry"],"acf":[],"yoast_head":"<!-- This site is optimized with the Yoast SEO plugin v25.3.1 - https:\/\/yoast.com\/wordpress\/plugins\/seo\/ -->\n<title>Solution InPac | TOMRA Systems N.V.<\/title>\n<meta name=\"description\" content=\"La solution InPac\u2122 dispose de toutes les fonctionnalit\u00e9s int\u00e9gr\u00e9es en une seule unit\u00e9 avec stockage interne avec ou sans compactage.\" \/>\n<meta name=\"robots\" content=\"index, follow, max-snippet:-1, max-image-preview:large, max-video-preview:-1\" \/>\n<link rel=\"canonical\" href=\"https:\/\/tomra.be\/fr\/produits\/solution-inpac\/\" \/>\n<meta property=\"og:locale\" content=\"fr_FR\" \/>\n<meta property=\"og:type\" content=\"article\" \/>\n<meta property=\"og:title\" content=\"Solution InPac | TOMRA Systems N.V.\" \/>\n<meta property=\"og:description\" content=\"La solution InPac\u2122 dispose de toutes les fonctionnalit\u00e9s int\u00e9gr\u00e9es en une seule unit\u00e9 avec stockage interne avec ou sans compactage.\" \/>\n<meta property=\"og:url\" content=\"https:\/\/tomra.be\/fr\/produits\/solution-inpac\/\" \/>\n<meta property=\"og:site_name\" content=\"TOMRA Collection Belgi\u00eb\" \/>\n<meta property=\"article:modified_time\" content=\"2023-07-13T10:57:19+00:00\" \/>\n<meta property=\"og:image\" content=\"https:\/\/tomra.be\/wp-content\/uploads\/2022\/11\/TOMRA-T90-leeggoedautomaat.png\" \/>\n<meta name=\"twitter:card\" content=\"summary_large_image\" \/>\n<meta name=\"twitter:label1\" content=\"Est. reading time\" \/>\n\t<meta name=\"twitter:data1\" content=\"1 minute\" \/>\n<script type=\"application\/ld+json\" class=\"yoast-schema-graph\">{\"@context\":\"https:\/\/schema.org\",\"@graph\":[{\"@type\":\"WebPage\",\"@id\":\"https:\/\/tomra.be\/fr\/produits\/solution-inpac\/\",\"url\":\"https:\/\/tomra.be\/fr\/produits\/solution-inpac\/\",\"name\":\"Solution InPac | TOMRA Systems N.V.\",\"isPartOf\":{\"@id\":\"https:\/\/tomra.be\/#website\"},\"primaryImageOfPage\":{\"@id\":\"https:\/\/tomra.be\/fr\/produits\/solution-inpac\/#primaryimage\"},\"image\":{\"@id\":\"https:\/\/tomra.be\/fr\/produits\/solution-inpac\/#primaryimage\"},\"thumbnailUrl\":\"https:\/\/tomra.be\/wp-content\/uploads\/2022\/11\/TOMRA-T90-leeggoedautomaat.png\",\"datePublished\":\"2018-07-23T13:20:27+00:00\",\"dateModified\":\"2023-07-13T10:57:19+00:00\",\"description\":\"La solution InPac\u2122 dispose de toutes les fonctionnalit\u00e9s int\u00e9gr\u00e9es en une seule unit\u00e9 avec stockage interne avec ou sans compactage.\",\"breadcrumb\":{\"@id\":\"https:\/\/tomra.be\/fr\/produits\/solution-inpac\/#breadcrumb\"},\"inLanguage\":\"fr-FR\",\"potentialAction\":[{\"@type\":\"ReadAction\",\"target\":[\"https:\/\/tomra.be\/fr\/produits\/solution-inpac\/\"]}]},{\"@type\":\"ImageObject\",\"inLanguage\":\"fr-FR\",\"@id\":\"https:\/\/tomra.be\/fr\/produits\/solution-inpac\/#primaryimage\",\"url\":\"https:\/\/tomra.be\/wp-content\/uploads\/2022\/11\/TOMRA-T90-leeggoedautomaat.png\",\"contentUrl\":\"https:\/\/tomra.be\/wp-content\/uploads\/2022\/11\/TOMRA-T90-leeggoedautomaat.png\"},{\"@type\":\"BreadcrumbList\",\"@id\":\"https:\/\/tomra.be\/fr\/produits\/solution-inpac\/#breadcrumb\",\"itemListElement\":[{\"@type\":\"ListItem\",\"position\":1,\"name\":\"Home\",\"item\":\"https:\/\/tomra.be\/fr\/\"},{\"@type\":\"ListItem\",\"position\":2,\"name\":\"Produits\",\"item\":\"https:\/\/tomra.be\/fr\/produits\/\"},{\"@type\":\"ListItem\",\"position\":3,\"name\":\"Solution InPac\"}]},{\"@type\":\"WebSite\",\"@id\":\"https:\/\/tomra.be\/#website\",\"url\":\"https:\/\/tomra.be\/\",\"name\":\"TOMRA Collection Belgi\u00eb\",\"description\":\"\",\"potentialAction\":[{\"@type\":\"SearchAction\",\"target\":{\"@type\":\"EntryPoint\",\"urlTemplate\":\"https:\/\/tomra.be\/?s={search_term_string}\"},\"query-input\":{\"@type\":\"PropertyValueSpecification\",\"valueRequired\":true,\"valueName\":\"search_term_string\"}}],\"inLanguage\":\"fr-FR\"}]}<\/script>\n<!-- \/ Yoast SEO plugin. -->","yoast_head_json":{"title":"Solution InPac | TOMRA Systems N.V.","description":"La solution InPac\u2122 dispose de toutes les fonctionnalit\u00e9s int\u00e9gr\u00e9es en une seule unit\u00e9 avec stockage interne avec ou sans compactage.","robots":{"index":"index","follow":"follow","max-snippet":"max-snippet:-1","max-image-preview":"max-image-preview:large","max-video-preview":"max-video-preview:-1"},"canonical":"https:\/\/tomra.be\/fr\/produits\/solution-inpac\/","og_locale":"fr_FR","og_type":"article","og_title":"Solution InPac | TOMRA Systems N.V.","og_description":"La solution InPac\u2122 dispose de toutes les fonctionnalit\u00e9s int\u00e9gr\u00e9es en une seule unit\u00e9 avec stockage interne avec ou sans compactage.","og_url":"https:\/\/tomra.be\/fr\/produits\/solution-inpac\/","og_site_name":"TOMRA Collection Belgi\u00eb","article_modified_time":"2023-07-13T10:57:19+00:00","og_image":[{"url":"https:\/\/tomra.be\/wp-content\/uploads\/2022\/11\/TOMRA-T90-leeggoedautomaat.png","type":"","width":"","height":""}],"twitter_card":"summary_large_image","twitter_misc":{"Est. reading time":"1 minute"},"schema":{"@context":"https:\/\/schema.org","@graph":[{"@type":"WebPage","@id":"https:\/\/tomra.be\/fr\/produits\/solution-inpac\/","url":"https:\/\/tomra.be\/fr\/produits\/solution-inpac\/","name":"Solution InPac | TOMRA Systems N.V.","isPartOf":{"@id":"https:\/\/tomra.be\/#website"},"primaryImageOfPage":{"@id":"https:\/\/tomra.be\/fr\/produits\/solution-inpac\/#primaryimage"},"image":{"@id":"https:\/\/tomra.be\/fr\/produits\/solution-inpac\/#primaryimage"},"thumbnailUrl":"https:\/\/tomra.be\/wp-content\/uploads\/2022\/11\/TOMRA-T90-leeggoedautomaat.png","datePublished":"2018-07-23T13:20:27+00:00","dateModified":"2023-07-13T10:57:19+00:00","description":"La solution InPac\u2122 dispose de toutes les fonctionnalit\u00e9s int\u00e9gr\u00e9es en une seule unit\u00e9 avec stockage interne avec ou sans compactage.","breadcrumb":{"@id":"https:\/\/tomra.be\/fr\/produits\/solution-inpac\/#breadcrumb"},"inLanguage":"fr-FR","potentialAction":[{"@type":"ReadAction","target":["https:\/\/tomra.be\/fr\/produits\/solution-inpac\/"]}]},{"@type":"ImageObject","inLanguage":"fr-FR","@id":"https:\/\/tomra.be\/fr\/produits\/solution-inpac\/#primaryimage","url":"https:\/\/tomra.be\/wp-content\/uploads\/2022\/11\/TOMRA-T90-leeggoedautomaat.png","contentUrl":"https:\/\/tomra.be\/wp-content\/uploads\/2022\/11\/TOMRA-T90-leeggoedautomaat.png"},{"@type":"BreadcrumbList","@id":"https:\/\/tomra.be\/fr\/produits\/solution-inpac\/#breadcrumb","itemListElement":[{"@type":"ListItem","position":1,"name":"Home","item":"https:\/\/tomra.be\/fr\/"},{"@type":"ListItem","position":2,"name":"Produits","item":"https:\/\/tomra.be\/fr\/produits\/"},{"@type":"ListItem","position":3,"name":"Solution InPac"}]},{"@type":"WebSite","@id":"https:\/\/tomra.be\/#website","url":"https:\/\/tomra.be\/","name":"TOMRA Collection Belgi\u00eb","description":"","potentialAction":[{"@type":"SearchAction","target":{"@type":"EntryPoint","urlTemplate":"https:\/\/tomra.be\/?s={search_term_string}"},"query-input":{"@type":"PropertyValueSpecification","valueRequired":true,"valueName":"search_term_string"}}],"inLanguage":"fr-FR"}]}},"_links":{"self":[{"href":"https:\/\/tomra.be\/fr\/wp-json\/wp\/v2\/pages\/9261","targetHints":{"allow":["GET"]}}],"collection":[{"href":"https:\/\/tomra.be\/fr\/wp-json\/wp\/v2\/pages"}],"about":[{"href":"https:\/\/tomra.be\/fr\/wp-json\/wp\/v2\/types\/page"}],"author":[{"embeddable":true,"href":"https:\/\/tomra.be\/fr\/wp-json\/wp\/v2\/users\/22"}],"replies":[{"embeddable":true,"href":"https:\/\/tomra.be\/fr\/wp-json\/wp\/v2\/comments?post=9261"}],"version-history":[{"count":10,"href":"https:\/\/tomra.be\/fr\/wp-json\/wp\/v2\/pages\/9261\/revisions"}],"predecessor-version":[{"id":12580,"href":"https:\/\/tomra.be\/fr\/wp-json\/wp\/v2\/pages\/9261\/revisions\/12580"}],"up":[{"embeddable":true,"href":"https:\/\/tomra.be\/fr\/wp-json\/wp\/v2\/pages\/9232"}],"wp:attachment":[{"href":"https:\/\/tomra.be\/fr\/wp-json\/wp\/v2\/media?parent=9261"}],"curies":[{"name":"wp","href":"https:\/\/api.w.org\/{rel}","templated":true}]}}