{"id":9232,"date":"2018-07-20T09:52:59","date_gmt":"2018-07-20T07:52:59","guid":{"rendered":"http:\/\/tomrabe.kinsta.cloud\/produits\/"},"modified":"2023-01-03T11:43:11","modified_gmt":"2023-01-03T10:43:11","slug":"produits","status":"publish","type":"page","link":"https:\/\/tomra.be\/fr\/produits\/","title":{"rendered":"Produits"},"content":{"rendered":"\n\n\t\t<h1>Machines reprise vidanges<\/h1>\t\t\n\t\t\t<p><strong>Nos syst\u00e8mes de reprise offrent une m\u00e9thode efficace afin de r\u00e9utiliser des mati\u00e8res premi\u00e8res de valeur et de rendre le recyclage &#8216;quotidien&#8217; facile et int\u00e9ressant pour le consommateur.<\/strong><\/p>\n\t\t\t<a href=\"https:\/\/tomra.be\/fr\/contact\/\" target=\"_self\" role=\"button\" rel=\"noopener\">\n\t\t\t\t\t\t\tDISCUTER DES OPTIONS\n\t\t\t\t\t<\/a>\n\t\t<h2>\t\n\tGamme de produits<\/h2>\t\t\n\t\t\t<p><strong>TOMRA dispose d&#8217;un vaste assortiment de syst\u00e8mes automatiques de reprise de vidange qui r\u00e9pondent parfaitement aux exigences sp\u00e9cifiques de chaque client.<\/strong><\/p>\n\t\t\t\t<img loading=\"lazy\" decoding=\"async\" src=\"https:\/\/tomra.be\/wp-content\/uploads\/2022\/10\/TOMRA-MultiPac-achter-emballage-automaat-2048x1068-1.png\" alt=\"Leeggoed automaat\" itemprop=\"image\" height=\"1068\" width=\"2048\" title=\"TOMRA-MultiPac-achter-emballage-automaat-2048x1068\" onerror=\"this.style.display='none'\"  \/>\n<h2>\n\t\tMachines frontales\n\t<\/h2>\n\t<p>Les machines frontales des r\u00e9cup\u00e9ratrices automatis\u00e9es TOMRA sont des mod\u00e8les install\u00e9s dans un mur face aux clients et qui fonctionnent avec un syst\u00e8me de manutention des contenants derri\u00e8re le mur.<\/p>\n\t\t\t<a href=\"https:\/\/tomra.be\/fr\/produits\/machines-frontales\/\" target=\"_self\" role=\"button\" rel=\"noopener\">\n\t\t\t\t\t\t\tEN SAVOIR PLUS\n\t\t\t\t\t<\/a>\n<h2>\n\t\tLes solutions backroom\n\t<\/h2>\n\t<p>Les solutions backroom de TOMRA sont compos\u00e9es d&#8217;\u00e9quipements flexibles et combinables qui s&#8217;adaptent aux besoins de chaque client. Les machines de reprise TOMRA sont connect\u00e9es par l&#8217;arri\u00e8re \u00e0 ces \u00e9quipements, selon que vous choisissez une reprise de bouteilles et de casiers, avec table d&#8217;accumulation et chemin \u00e0 rouleaux, et\/ou une reprise d&#8217;emballages destin\u00e9s au compactage.<\/p>\n\t\t\t<a href=\"https:\/\/tomra.be\/fr\/produits\/les-solutions-backroom\/\" target=\"_self\" role=\"button\" rel=\"noopener\">\n\t\t\t\t\t\t\tEN SAVOIR PLUS\n\t\t\t\t\t<\/a>\n\t\t\t\t<img loading=\"lazy\" decoding=\"async\" src=\"https:\/\/tomra.be\/wp-content\/uploads\/2022\/10\/TOMRA-EasyPac.png\" alt=\"backroom oplossing\" itemprop=\"image\" height=\"2034\" width=\"3244\" title=\"TOMRA-EasyPac\" onerror=\"this.style.display='none'\"  \/>\n\t\t\t\t<img loading=\"lazy\" decoding=\"async\" src=\"https:\/\/tomra.be\/wp-content\/uploads\/2022\/10\/TOMRA-T90-emballage-automaat.png\" alt=\"inpac automaat\" itemprop=\"image\" height=\"2644\" width=\"2869\" title=\"TOMRA-T90-emballage-automaat\" onerror=\"this.style.display='none'\"  \/>\n<h2>\n\t\tLa solution InPac\u2122\n\t<\/h2>\n\t<p>La solution InPac\u2122 dispose de toutes les fonctionnalit\u00e9s int\u00e9gr\u00e9es en une seule unit\u00e9 avec stockage interne avec ou sans compactage.\u00a0Pour certains march\u00e9s, la machine est imbriqu\u00e9 dans un mur, g\u00e9n\u00e9ralement avec un r\u00e9servoir arri\u00e8re qui peut se vider.<\/p>\n\t\t\t<a href=\"https:\/\/tomra.be\/fr\/produits\/solution-inpac\/\" target=\"_self\" role=\"button\" rel=\"noopener\">\n\t\t\t\t\t\t\tEN SAVOIR PLUS\n\t\t\t\t\t<\/a>\n<h2>\n\t\tQuestions fr\u00e9quemment pos\u00e9es\n\t<\/h2>\n\t\t\t\t\t\t\t\t\t\t<h3 tabindex=\"0\">Comment fonctionne un automate de reprise vidange?<\/h3>\n\t\t\t\t\t<p>Autour de l&#8217;ouverture de la partie bouteilles de l&#8217;automate il y a 6 cam\u00e9ras qui d\u00e9tectent la forme et le code-\u00e0-barre de l&#8217;emballage. Simultan\u00e9ment l&#8217;emballage est pes\u00e9 et reconnu par son type de mat\u00e9riel. La technologie appliqu\u00e9e pour la reconnaissance des emballages \u00e0 boissons est la TOMRA Flow Technology\u2122 patent\u00e9e. Cette technologie garantie un niveau exceptionnel d&#8217;efficacit\u00e9 et fiabilit\u00e9 op\u00e9rationnelle.<\/p>\n<p>Quand le consommateur rapporte un casier, la TOMRA True Vision\u2122 technologie patent\u00e9e est utilis\u00e9e. Des cam\u00e9ras d\u00e9terminent la couleur, les dimensions, la forme et le logo du casier.<br \/>En m\u00eame temps 2 cam\u00e9ras contr\u00f4lent la couleur, la hauteur et la forme du goulot des bouteilles dans le casier. Si par hasard le casier contient une bouteille non consign\u00e9e, la machine indiquera \u00e0 l&#8217;\u00e9cran d&#8217;enlever la mauvaise bouteille.<\/p>\n\t\t\t\t\t\t\t\t\t\t<h3 tabindex=\"0\">Quel est l&#8217;avantage environnemental de la machine reprise vidange?<\/h3>\n\t\t\t\t\t<p>Chaque ann\u00e9e on reprend mondialement 40 Millard d&#8217;emballages de boissons via nos automates qui ainsi sont pr\u00eats pour \u00eatre r\u00e9utilis\u00e9s ou recycl\u00e9s en \u00ab closed loop \u00bb. Ceci veut dire que l&#8217;on reproduit d&#8217;une bouteille une nouvelle. Chez TOMRA on appelle cela &#8216;Clean Loop Recycling&#8217;. Ceci r\u00e9duit la d\u00e9pendance de nouveaux mati\u00e8res premi\u00e8res et diminue le nombre d&#8217;emballages qui aboutissent dans nos rues, oc\u00e9ans et d\u00e9charges.<\/p>\n\t\t\t\t\t\t\t\t\t\t<h3 tabindex=\"0\">Quel est le prix d&#8217;un automate de reprise de vidange?<\/h3>\n\t\t\t\t\t<p>Le prix d&#8217;un automate d\u00e9pend de la configuration id\u00e9ale pour la localit\u00e9 concern\u00e9e. Ceci d\u00e9pend entre autres de :<\/p>\n<p>\u2022 Le nombre et le type d&#8217;emballages qui revient chaque semaine.<br \/>\u2022 La fr\u00e9quence d\u00e9sir\u00e9e des vidanges et interventions sont li\u00e9es \u00e0 la capacit\u00e9 de stockage.<br \/>\u2022 La place disponible pour organiser la reprise.<br \/>\u2022 Le niveau de service \u00e0 la client\u00e8le d\u00e9sir\u00e9.<\/p>\n<p><a href=\"https:\/\/tomra.be\/fr\/contact\/\"><u>Contactez TOMRA<\/u><\/a> pour un conseil sur mesure.<\/p>\n<h2>\n\t\tPourqoui TOMRA?\n\t<\/h2>\n<h3>\n\t\tLeader mondiale\n\t<\/h3>\n\t<p>TOMRA est leader mondiale avec plus de 75.000 installations dans plus de 60 march\u00e9s.<\/p>\n<h3>\n\t\tService 6 jours par semaine\n\t<\/h3>\n\t<p>Nous disposons d&#8217;une propre organisation vaste de service, disponible 6 jours de la semaine.<\/p>\n<h3>\n\t\tDu sur mesure\n\t<\/h3>\n\t<p>Le choix de la solution d\u00e9pend de l&#8217;environnement. Chaque installation TOMRA est du sur mesure.<\/p>\n<h3>\n\t\tAssortiment \u00e9tendu\n\t<\/h3>\n\t<p>Assortiment complet de possibilit\u00e9s pour la reprise des vides, options compl\u00e9mentaires et service apr\u00e8s-vente.<\/p>\n<h3>\n\t\tTechnologie innovative\n\t<\/h3>\n\t<p>Technologie bas\u00e9e sur une entreprise efficace pour \u00e9viter des files d&#8217;attentes.<\/p>\n<h3>\n\t\tPartenaire fialble\n\t<\/h3>\n\t<p>Fiabilit\u00e9 et duret\u00e9 importante des automates et installations backroom.<\/p>\n<h3>\n\t\tProtection anti-fraude\n\t<\/h3>\n\t<p>Des technologies de reconnaissances patent\u00e9es afin d&#8217;\u00e9viter la fraude avec les consignes.<\/p>\n<h3>\n\t\tFaible consommation d&#8217;\u00e9nergie\n\t<\/h3>\n\t<p>Lors du d\u00e9veloppement des automates on tient compte d&#8217;une consommation d&#8217;\u00e9nergie au plus bas.<\/p>\n<h3>\n\t\tToutes expertise sous un seul toit\n\t<\/h3>\n\t<p>Des sp\u00e9cialistes de produits sont disponibles pour des situations complexes<\/p>\n\t<h2>En savoir plus?<\/h2>\n\t\t\t<a href=\"https:\/\/tomra.be\/fr\/contact\/\" target=\"_self\" role=\"button\" rel=\"noopener\">\n\t\t\t\t\t\t\tCONTACTEZ-NOUS\n\t\t\t<\/a>\n\n","protected":false},"excerpt":{"rendered":"<p>Machines reprise vidanges Nos syst\u00e8mes de reprise offrent une m\u00e9thode efficace afin de r\u00e9utiliser des mati\u00e8res premi\u00e8res de valeur et de rendre le recyclage &#8216;quotidien&#8217; facile et int\u00e9ressant pour le consommateur. DISCUTER DES OPTIONS Gamme de produits TOMRA dispose d&#8217;un vaste assortiment de syst\u00e8mes automatiques de reprise de vidange qui r\u00e9pondent parfaitement aux exigences sp\u00e9cifiques&hellip;<\/p>\n","protected":false},"author":22,"featured_media":0,"parent":0,"menu_order":0,"comment_status":"closed","ping_status":"closed","template":"","meta":{"_acf_changed":false,"footnotes":""},"class_list":["post-9232","page","type-page","status-publish","hentry"],"acf":[],"yoast_head":"<!-- This site is optimized with the Yoast SEO plugin v25.3.1 - https:\/\/yoast.com\/wordpress\/plugins\/seo\/ -->\n<title>Produits | TOMRA Systems N.V.<\/title>\n<meta name=\"description\" content=\"TOMRA dispose d\u2019un vaste assortiment de syst\u00e8mes automatiques de reprise de vidange qui r\u00e9pondent parfaitement aux exigences sp\u00e9cifiques de chaque client.\" \/>\n<meta name=\"robots\" content=\"index, follow, max-snippet:-1, max-image-preview:large, max-video-preview:-1\" \/>\n<link rel=\"canonical\" href=\"https:\/\/tomra.be\/fr\/produits\/\" \/>\n<meta property=\"og:locale\" content=\"fr_FR\" \/>\n<meta property=\"og:type\" content=\"article\" \/>\n<meta property=\"og:title\" content=\"Produits | TOMRA Systems N.V.\" \/>\n<meta property=\"og:description\" content=\"TOMRA dispose d\u2019un vaste assortiment de syst\u00e8mes automatiques de reprise de vidange qui r\u00e9pondent parfaitement aux exigences sp\u00e9cifiques de chaque client.\" \/>\n<meta property=\"og:url\" content=\"https:\/\/tomra.be\/fr\/produits\/\" \/>\n<meta property=\"og:site_name\" content=\"TOMRA Collection Belgi\u00eb\" \/>\n<meta property=\"article:modified_time\" content=\"2023-01-03T10:43:11+00:00\" \/>\n<meta property=\"og:image\" content=\"https:\/\/tomra.be\/wp-content\/uploads\/2022\/10\/TOMRA-MultiPac-achter-emballage-automaat-2048x1068-1.png\" \/>\n<meta name=\"twitter:card\" content=\"summary_large_image\" \/>\n<meta name=\"twitter:label1\" content=\"Est. reading time\" \/>\n\t<meta name=\"twitter:data1\" content=\"3 minutes\" \/>\n<script type=\"application\/ld+json\" class=\"yoast-schema-graph\">{\"@context\":\"https:\/\/schema.org\",\"@graph\":[{\"@type\":\"WebPage\",\"@id\":\"https:\/\/tomra.be\/fr\/produits\/\",\"url\":\"https:\/\/tomra.be\/fr\/produits\/\",\"name\":\"Produits | TOMRA Systems N.V.\",\"isPartOf\":{\"@id\":\"https:\/\/tomra.be\/#website\"},\"primaryImageOfPage\":{\"@id\":\"https:\/\/tomra.be\/fr\/produits\/#primaryimage\"},\"image\":{\"@id\":\"https:\/\/tomra.be\/fr\/produits\/#primaryimage\"},\"thumbnailUrl\":\"https:\/\/tomra.be\/wp-content\/uploads\/2022\/10\/TOMRA-MultiPac-achter-emballage-automaat-2048x1068-1.png\",\"datePublished\":\"2018-07-20T07:52:59+00:00\",\"dateModified\":\"2023-01-03T10:43:11+00:00\",\"description\":\"TOMRA dispose d\u2019un vaste assortiment de syst\u00e8mes automatiques de reprise de vidange qui r\u00e9pondent parfaitement aux exigences sp\u00e9cifiques de chaque client.\",\"breadcrumb\":{\"@id\":\"https:\/\/tomra.be\/fr\/produits\/#breadcrumb\"},\"inLanguage\":\"fr-FR\",\"potentialAction\":[{\"@type\":\"ReadAction\",\"target\":[\"https:\/\/tomra.be\/fr\/produits\/\"]}]},{\"@type\":\"ImageObject\",\"inLanguage\":\"fr-FR\",\"@id\":\"https:\/\/tomra.be\/fr\/produits\/#primaryimage\",\"url\":\"https:\/\/tomra.be\/wp-content\/uploads\/2022\/10\/TOMRA-MultiPac-achter-emballage-automaat-2048x1068-1.png\",\"contentUrl\":\"https:\/\/tomra.be\/wp-content\/uploads\/2022\/10\/TOMRA-MultiPac-achter-emballage-automaat-2048x1068-1.png\"},{\"@type\":\"BreadcrumbList\",\"@id\":\"https:\/\/tomra.be\/fr\/produits\/#breadcrumb\",\"itemListElement\":[{\"@type\":\"ListItem\",\"position\":1,\"name\":\"Home\",\"item\":\"https:\/\/tomra.be\/fr\/\"},{\"@type\":\"ListItem\",\"position\":2,\"name\":\"Produits\"}]},{\"@type\":\"WebSite\",\"@id\":\"https:\/\/tomra.be\/#website\",\"url\":\"https:\/\/tomra.be\/\",\"name\":\"TOMRA Collection Belgi\u00eb\",\"description\":\"\",\"potentialAction\":[{\"@type\":\"SearchAction\",\"target\":{\"@type\":\"EntryPoint\",\"urlTemplate\":\"https:\/\/tomra.be\/?s={search_term_string}\"},\"query-input\":{\"@type\":\"PropertyValueSpecification\",\"valueRequired\":true,\"valueName\":\"search_term_string\"}}],\"inLanguage\":\"fr-FR\"}]}<\/script>\n<!-- \/ Yoast SEO plugin. -->","yoast_head_json":{"title":"Produits | TOMRA Systems N.V.","description":"TOMRA dispose d\u2019un vaste assortiment de syst\u00e8mes automatiques de reprise de vidange qui r\u00e9pondent parfaitement aux exigences sp\u00e9cifiques de chaque client.","robots":{"index":"index","follow":"follow","max-snippet":"max-snippet:-1","max-image-preview":"max-image-preview:large","max-video-preview":"max-video-preview:-1"},"canonical":"https:\/\/tomra.be\/fr\/produits\/","og_locale":"fr_FR","og_type":"article","og_title":"Produits | TOMRA Systems N.V.","og_description":"TOMRA dispose d\u2019un vaste assortiment de syst\u00e8mes automatiques de reprise de vidange qui r\u00e9pondent parfaitement aux exigences sp\u00e9cifiques de chaque client.","og_url":"https:\/\/tomra.be\/fr\/produits\/","og_site_name":"TOMRA Collection Belgi\u00eb","article_modified_time":"2023-01-03T10:43:11+00:00","og_image":[{"url":"https:\/\/tomra.be\/wp-content\/uploads\/2022\/10\/TOMRA-MultiPac-achter-emballage-automaat-2048x1068-1.png","type":"","width":"","height":""}],"twitter_card":"summary_large_image","twitter_misc":{"Est. reading time":"3 minutes"},"schema":{"@context":"https:\/\/schema.org","@graph":[{"@type":"WebPage","@id":"https:\/\/tomra.be\/fr\/produits\/","url":"https:\/\/tomra.be\/fr\/produits\/","name":"Produits | TOMRA Systems N.V.","isPartOf":{"@id":"https:\/\/tomra.be\/#website"},"primaryImageOfPage":{"@id":"https:\/\/tomra.be\/fr\/produits\/#primaryimage"},"image":{"@id":"https:\/\/tomra.be\/fr\/produits\/#primaryimage"},"thumbnailUrl":"https:\/\/tomra.be\/wp-content\/uploads\/2022\/10\/TOMRA-MultiPac-achter-emballage-automaat-2048x1068-1.png","datePublished":"2018-07-20T07:52:59+00:00","dateModified":"2023-01-03T10:43:11+00:00","description":"TOMRA dispose d\u2019un vaste assortiment de syst\u00e8mes automatiques de reprise de vidange qui r\u00e9pondent parfaitement aux exigences sp\u00e9cifiques de chaque client.","breadcrumb":{"@id":"https:\/\/tomra.be\/fr\/produits\/#breadcrumb"},"inLanguage":"fr-FR","potentialAction":[{"@type":"ReadAction","target":["https:\/\/tomra.be\/fr\/produits\/"]}]},{"@type":"ImageObject","inLanguage":"fr-FR","@id":"https:\/\/tomra.be\/fr\/produits\/#primaryimage","url":"https:\/\/tomra.be\/wp-content\/uploads\/2022\/10\/TOMRA-MultiPac-achter-emballage-automaat-2048x1068-1.png","contentUrl":"https:\/\/tomra.be\/wp-content\/uploads\/2022\/10\/TOMRA-MultiPac-achter-emballage-automaat-2048x1068-1.png"},{"@type":"BreadcrumbList","@id":"https:\/\/tomra.be\/fr\/produits\/#breadcrumb","itemListElement":[{"@type":"ListItem","position":1,"name":"Home","item":"https:\/\/tomra.be\/fr\/"},{"@type":"ListItem","position":2,"name":"Produits"}]},{"@type":"WebSite","@id":"https:\/\/tomra.be\/#website","url":"https:\/\/tomra.be\/","name":"TOMRA Collection Belgi\u00eb","description":"","potentialAction":[{"@type":"SearchAction","target":{"@type":"EntryPoint","urlTemplate":"https:\/\/tomra.be\/?s={search_term_string}"},"query-input":{"@type":"PropertyValueSpecification","valueRequired":true,"valueName":"search_term_string"}}],"inLanguage":"fr-FR"}]}},"_links":{"self":[{"href":"https:\/\/tomra.be\/fr\/wp-json\/wp\/v2\/pages\/9232","targetHints":{"allow":["GET"]}}],"collection":[{"href":"https:\/\/tomra.be\/fr\/wp-json\/wp\/v2\/pages"}],"about":[{"href":"https:\/\/tomra.be\/fr\/wp-json\/wp\/v2\/types\/page"}],"author":[{"embeddable":true,"href":"https:\/\/tomra.be\/fr\/wp-json\/wp\/v2\/users\/22"}],"replies":[{"embeddable":true,"href":"https:\/\/tomra.be\/fr\/wp-json\/wp\/v2\/comments?post=9232"}],"version-history":[{"count":10,"href":"https:\/\/tomra.be\/fr\/wp-json\/wp\/v2\/pages\/9232\/revisions"}],"predecessor-version":[{"id":12453,"href":"https:\/\/tomra.be\/fr\/wp-json\/wp\/v2\/pages\/9232\/revisions\/12453"}],"wp:attachment":[{"href":"https:\/\/tomra.be\/fr\/wp-json\/wp\/v2\/media?parent=9232"}],"curies":[{"name":"wp","href":"https:\/\/api.w.org\/{rel}","templated":true}]}}