{"id":9200,"date":"2018-06-28T14:33:18","date_gmt":"2018-06-28T12:33:18","guid":{"rendered":"http:\/\/tomrabe.kinsta.cloud\/a-propos-de-tomra\/"},"modified":"2024-08-06T13:16:04","modified_gmt":"2024-08-06T11:16:04","slug":"a-propos-de-tomra","status":"publish","type":"page","link":"https:\/\/tomra.be\/fr\/a-propos-de-tomra\/","title":{"rendered":"A propos de TOMRA"},"content":{"rendered":"\n\n\t\t<h1>\u00c0 propos de TOMRA<\/h1><p><strong>Depuis plus de 50 ans, notre organisation est leader mondial en mati\u00e8re de <a href=\"https:\/\/tomra.be\/fr\/produits\/\">machine de reprise vidange<\/a>. Mais nous allons bien plus loin encore.<\/strong><\/p>\n\t<p><strong>Repenser la mani\u00e8re dont nous obtenons, r\u00e9utilisons et optimisons les ressources mondiales est essentiel \u00e0 l&#8217;heure actuelle.\u00a0TOMRA propose des solutions intelligentes pour optimiser nos ressources: pour les rechercher, les utiliser, les g\u00e9rer, les collecter, les recycler et les r\u00e9utiliser.<\/strong><\/p>\n\t\t\t\t<img loading=\"lazy\" decoding=\"async\" src=\"https:\/\/tomra.be\/wp-content\/uploads\/2022\/01\/TOMRA_Systems.png\" alt=\"TOMRA Systems, Olen\" itemprop=\"image\" height=\"677\" width=\"1133\" title=\"TOMRA_Systems\" onerror=\"this.style.display='none'\"  \/>\n<h2>\n\t\tTOMRA Belgique\n\t<\/h2>\n\t<p>TOMRA Systems S.A. est une entreprise s&#8217;occupant de la vente, de l&#8217;installation, de l&#8217;entretien et du service apr\u00e8s-vente de machine reprise vidange dans les supermarch\u00e9s Belges et Luxembourgeois. Nous faisons partie du groupe international TOMRA Systems ASA, \u00e9tabli en Norv\u00e8ge.<\/p>\n\t\t\t<a href=\"https:\/\/tomra.be\/fr\/contact\/\" target=\"_self\" rel=\"noopener\">\n\t\t\t\t\t\t\tCONTACTEZ-NOUS\n\t\t\t\t\t<\/a>\n<h2>\n\t\tLe groupe TOMRA\n\t<\/h2>\n\t<p>En 1972, l&#8217;entreprise a commenc\u00e9 \u00e0 d\u00e9velopper, fabriquer et vendre des syst\u00e8mes automatiques de reprise de vidange destin\u00e9s \u00e0 la reprise automatis\u00e9e des emballages de boissons utilis\u00e9s. Au cours de ses quarante ann\u00e9es d&#8217;existence, le Groupe TOMRA s&#8217;est fortement d\u00e9velopp\u00e9 et propose aujourd&#8217;hui de nombreuses solutions dans deux domaines:<\/p>\n<ul>\n<li>TOMRA Collection (automatisation de la reprise de vidange et r\u00e9cup\u00e9ration du mat\u00e9riel).<\/li>\n<li>TOMRA Sorting\u00a0(recyclage, exploitation mini\u00e8re et transformation alimentaire)<\/li>\n<\/ul>\n<p>Au niveau mondial, le groupe est actif dans plus de 100 march\u00e9s. TOMRA est c\u00f4t\u00e9 \u00e0 la bourse d&#8217;Oslo Stock Exchange et compte au total plus de 5.300 collaborateurs.<\/p>\n\t\t\t<a href=\"https:\/\/www.tomra.com\/en\" target=\"_self\" rel=\"noopener\">\n\t\t\t\t\t\t\tVISITER LE SITE\n\t\t\t\t\t<\/a>\n\t\t\t\t<img loading=\"lazy\" decoding=\"async\" src=\"https:\/\/tomra.be\/wp-content\/uploads\/2019\/05\/TOMRA-Asker-e1487339030818.png\" alt=\"TOMRA Asker\" itemprop=\"image\" height=\"421\" width=\"750\" title=\"TOMRA-Asker-e1487339030818\" onerror=\"this.style.display='none'\"  \/>\n\t\t\t\t<img loading=\"lazy\" decoding=\"async\" src=\"https:\/\/tomra.be\/wp-content\/uploads\/2019\/11\/Groepsfoto-1.png\" alt=\"TOMRA Service Exterieur\" itemprop=\"image\" height=\"1139\" width=\"1518\" title=\"TOMRA Service Exterieur\" onerror=\"this.style.display='none'\"  \/>\n<h2>\n\t\tTravailler chez TOMRA\n\t<\/h2>\n\t<p>La fourniture d&#8217;appareillage de grande qualit\u00e9 est un crit\u00e8re, mais un autre crit\u00e8re tout aussi important est la prestation de services que nous proposons \u00e0 notre client.<\/p>\n\t\t\t<a href=\"https:\/\/tomra.be\/fr\/a-propos-de-tomra\/travailler-chez-tomra\/\" target=\"_self\" rel=\"noopener\">\n\t\t\t\t\t\t\tPOSTES VACANTS\n\t\t\t\t\t<\/a>\n<h2>\n\t\tLe groupe TOMRA\n\t<\/h2>\n\t<meta itemprop=\"url\" content=\"https:\/\/tomra.be\/wp-content\/uploads\/2022\/07\/tomra-brand-film-video.mp4\" \/><div style=\"width: 640px;\" class=\"wp-video\"><!--[if lt IE 9]><script>document.createElement('video');<\/script><![endif]-->\n<video class=\"wp-video-shortcode\" id=\"video-9200-1\" width=\"640\" height=\"360\" preload=\"metadata\" controls=\"controls\"><source type=\"video\/mp4\" src=\"https:\/\/tomra.be\/wp-content\/uploads\/2022\/07\/tomra-brand-film-video.mp4?_=1\" \/><a href=\"https:\/\/tomra.be\/wp-content\/uploads\/2022\/07\/tomra-brand-film-video.mp4\">https:\/\/tomra.be\/wp-content\/uploads\/2022\/07\/tomra-brand-film-video.mp4<\/a><\/video><\/div>\n\t<h2>En savoir plus?<\/h2>\n\t\t\t<a href=\"https:\/\/tomra.be\/fr\/contact\/\" target=\"_self\" rel=\"noopener\">\n\t\t\t\t\t\t\tCONTACTEZ-NOUS\n\t\t\t<\/a>\n\n","protected":false},"excerpt":{"rendered":"<p>\u00c0 propos de TOMRA Depuis plus de 50 ans, notre organisation est leader mondial en mati\u00e8re de machine de reprise vidange. Mais nous allons bien plus loin encore. Repenser la mani\u00e8re dont nous obtenons, r\u00e9utilisons et optimisons les ressources mondiales est essentiel \u00e0 l&#8217;heure actuelle.\u00a0TOMRA propose des solutions intelligentes pour optimiser nos ressources: pour les&hellip;<\/p>\n","protected":false},"author":22,"featured_media":0,"parent":0,"menu_order":0,"comment_status":"closed","ping_status":"closed","template":"","meta":{"_acf_changed":false,"footnotes":""},"class_list":["post-9200","page","type-page","status-publish","hentry"],"acf":[],"yoast_head":"<!-- This site is optimized with the Yoast SEO plugin v25.3.1 - https:\/\/yoast.com\/wordpress\/plugins\/seo\/ -->\n<title>A propos de TOMRA | TOMRA<\/title>\n<meta name=\"description\" content=\"Depuis plus de 50 ans, notre organisation est leader mondial en mati\u00e8re d\u2019automatisation de reprise de vidange. Mais nous allons bien plus loin encore.\" \/>\n<meta name=\"robots\" content=\"index, follow, max-snippet:-1, max-image-preview:large, max-video-preview:-1\" \/>\n<link rel=\"canonical\" href=\"https:\/\/tomra.be\/fr\/a-propos-de-tomra\/\" \/>\n<meta property=\"og:locale\" content=\"fr_FR\" \/>\n<meta property=\"og:type\" content=\"article\" \/>\n<meta property=\"og:title\" content=\"A propos de TOMRA | TOMRA\" \/>\n<meta property=\"og:description\" content=\"Depuis plus de 50 ans, notre organisation est leader mondial en mati\u00e8re d\u2019automatisation de reprise de vidange. Mais nous allons bien plus loin encore.\" \/>\n<meta property=\"og:url\" content=\"https:\/\/tomra.be\/fr\/a-propos-de-tomra\/\" \/>\n<meta property=\"og:site_name\" content=\"TOMRA Collection Belgi\u00eb\" \/>\n<meta property=\"article:modified_time\" content=\"2024-08-06T11:16:04+00:00\" \/>\n<meta property=\"og:image\" content=\"https:\/\/tomra.be\/wp-content\/uploads\/2022\/01\/TOMRA_Systems.png\" \/>\n<meta name=\"twitter:card\" content=\"summary_large_image\" \/>\n<meta name=\"twitter:label1\" content=\"Est. reading time\" \/>\n\t<meta name=\"twitter:data1\" content=\"2 minutes\" \/>\n<script type=\"application\/ld+json\" class=\"yoast-schema-graph\">{\"@context\":\"https:\/\/schema.org\",\"@graph\":[{\"@type\":\"WebPage\",\"@id\":\"https:\/\/tomra.be\/fr\/a-propos-de-tomra\/\",\"url\":\"https:\/\/tomra.be\/fr\/a-propos-de-tomra\/\",\"name\":\"A propos de TOMRA | TOMRA\",\"isPartOf\":{\"@id\":\"https:\/\/tomra.be\/#website\"},\"primaryImageOfPage\":{\"@id\":\"https:\/\/tomra.be\/fr\/a-propos-de-tomra\/#primaryimage\"},\"image\":{\"@id\":\"https:\/\/tomra.be\/fr\/a-propos-de-tomra\/#primaryimage\"},\"thumbnailUrl\":\"https:\/\/tomra.be\/wp-content\/uploads\/2022\/01\/TOMRA_Systems.png\",\"datePublished\":\"2018-06-28T12:33:18+00:00\",\"dateModified\":\"2024-08-06T11:16:04+00:00\",\"description\":\"Depuis plus de 50 ans, notre organisation est leader mondial en mati\u00e8re d\u2019automatisation de reprise de vidange. Mais nous allons bien plus loin encore.\",\"breadcrumb\":{\"@id\":\"https:\/\/tomra.be\/fr\/a-propos-de-tomra\/#breadcrumb\"},\"inLanguage\":\"fr-FR\",\"potentialAction\":[{\"@type\":\"ReadAction\",\"target\":[\"https:\/\/tomra.be\/fr\/a-propos-de-tomra\/\"]}]},{\"@type\":\"ImageObject\",\"inLanguage\":\"fr-FR\",\"@id\":\"https:\/\/tomra.be\/fr\/a-propos-de-tomra\/#primaryimage\",\"url\":\"https:\/\/tomra.be\/wp-content\/uploads\/2022\/01\/TOMRA_Systems.png\",\"contentUrl\":\"https:\/\/tomra.be\/wp-content\/uploads\/2022\/01\/TOMRA_Systems.png\"},{\"@type\":\"BreadcrumbList\",\"@id\":\"https:\/\/tomra.be\/fr\/a-propos-de-tomra\/#breadcrumb\",\"itemListElement\":[{\"@type\":\"ListItem\",\"position\":1,\"name\":\"Home\",\"item\":\"https:\/\/tomra.be\/fr\/\"},{\"@type\":\"ListItem\",\"position\":2,\"name\":\"A propos de TOMRA\"}]},{\"@type\":\"WebSite\",\"@id\":\"https:\/\/tomra.be\/#website\",\"url\":\"https:\/\/tomra.be\/\",\"name\":\"TOMRA Collection Belgi\u00eb\",\"description\":\"\",\"potentialAction\":[{\"@type\":\"SearchAction\",\"target\":{\"@type\":\"EntryPoint\",\"urlTemplate\":\"https:\/\/tomra.be\/?s={search_term_string}\"},\"query-input\":{\"@type\":\"PropertyValueSpecification\",\"valueRequired\":true,\"valueName\":\"search_term_string\"}}],\"inLanguage\":\"fr-FR\"}]}<\/script>\n<!-- \/ Yoast SEO plugin. -->","yoast_head_json":{"title":"A propos de TOMRA | TOMRA","description":"Depuis plus de 50 ans, notre organisation est leader mondial en mati\u00e8re d\u2019automatisation de reprise de vidange. Mais nous allons bien plus loin encore.","robots":{"index":"index","follow":"follow","max-snippet":"max-snippet:-1","max-image-preview":"max-image-preview:large","max-video-preview":"max-video-preview:-1"},"canonical":"https:\/\/tomra.be\/fr\/a-propos-de-tomra\/","og_locale":"fr_FR","og_type":"article","og_title":"A propos de TOMRA | TOMRA","og_description":"Depuis plus de 50 ans, notre organisation est leader mondial en mati\u00e8re d\u2019automatisation de reprise de vidange. Mais nous allons bien plus loin encore.","og_url":"https:\/\/tomra.be\/fr\/a-propos-de-tomra\/","og_site_name":"TOMRA Collection Belgi\u00eb","article_modified_time":"2024-08-06T11:16:04+00:00","og_image":[{"url":"https:\/\/tomra.be\/wp-content\/uploads\/2022\/01\/TOMRA_Systems.png","type":"","width":"","height":""}],"twitter_card":"summary_large_image","twitter_misc":{"Est. reading time":"2 minutes"},"schema":{"@context":"https:\/\/schema.org","@graph":[{"@type":"WebPage","@id":"https:\/\/tomra.be\/fr\/a-propos-de-tomra\/","url":"https:\/\/tomra.be\/fr\/a-propos-de-tomra\/","name":"A propos de TOMRA | TOMRA","isPartOf":{"@id":"https:\/\/tomra.be\/#website"},"primaryImageOfPage":{"@id":"https:\/\/tomra.be\/fr\/a-propos-de-tomra\/#primaryimage"},"image":{"@id":"https:\/\/tomra.be\/fr\/a-propos-de-tomra\/#primaryimage"},"thumbnailUrl":"https:\/\/tomra.be\/wp-content\/uploads\/2022\/01\/TOMRA_Systems.png","datePublished":"2018-06-28T12:33:18+00:00","dateModified":"2024-08-06T11:16:04+00:00","description":"Depuis plus de 50 ans, notre organisation est leader mondial en mati\u00e8re d\u2019automatisation de reprise de vidange. Mais nous allons bien plus loin encore.","breadcrumb":{"@id":"https:\/\/tomra.be\/fr\/a-propos-de-tomra\/#breadcrumb"},"inLanguage":"fr-FR","potentialAction":[{"@type":"ReadAction","target":["https:\/\/tomra.be\/fr\/a-propos-de-tomra\/"]}]},{"@type":"ImageObject","inLanguage":"fr-FR","@id":"https:\/\/tomra.be\/fr\/a-propos-de-tomra\/#primaryimage","url":"https:\/\/tomra.be\/wp-content\/uploads\/2022\/01\/TOMRA_Systems.png","contentUrl":"https:\/\/tomra.be\/wp-content\/uploads\/2022\/01\/TOMRA_Systems.png"},{"@type":"BreadcrumbList","@id":"https:\/\/tomra.be\/fr\/a-propos-de-tomra\/#breadcrumb","itemListElement":[{"@type":"ListItem","position":1,"name":"Home","item":"https:\/\/tomra.be\/fr\/"},{"@type":"ListItem","position":2,"name":"A propos de TOMRA"}]},{"@type":"WebSite","@id":"https:\/\/tomra.be\/#website","url":"https:\/\/tomra.be\/","name":"TOMRA Collection Belgi\u00eb","description":"","potentialAction":[{"@type":"SearchAction","target":{"@type":"EntryPoint","urlTemplate":"https:\/\/tomra.be\/?s={search_term_string}"},"query-input":{"@type":"PropertyValueSpecification","valueRequired":true,"valueName":"search_term_string"}}],"inLanguage":"fr-FR"}]}},"_links":{"self":[{"href":"https:\/\/tomra.be\/fr\/wp-json\/wp\/v2\/pages\/9200","targetHints":{"allow":["GET"]}}],"collection":[{"href":"https:\/\/tomra.be\/fr\/wp-json\/wp\/v2\/pages"}],"about":[{"href":"https:\/\/tomra.be\/fr\/wp-json\/wp\/v2\/types\/page"}],"author":[{"embeddable":true,"href":"https:\/\/tomra.be\/fr\/wp-json\/wp\/v2\/users\/22"}],"replies":[{"embeddable":true,"href":"https:\/\/tomra.be\/fr\/wp-json\/wp\/v2\/comments?post=9200"}],"version-history":[{"count":10,"href":"https:\/\/tomra.be\/fr\/wp-json\/wp\/v2\/pages\/9200\/revisions"}],"predecessor-version":[{"id":12624,"href":"https:\/\/tomra.be\/fr\/wp-json\/wp\/v2\/pages\/9200\/revisions\/12624"}],"wp:attachment":[{"href":"https:\/\/tomra.be\/fr\/wp-json\/wp\/v2\/media?parent=9200"}],"curies":[{"name":"wp","href":"https:\/\/api.w.org\/{rel}","templated":true}]}}