{"id":11946,"date":"2022-10-17T13:20:56","date_gmt":"2022-10-17T11:20:56","guid":{"rendered":"https:\/\/tomra.be\/produits\/les-centres-de-boissons\/"},"modified":"2023-08-03T10:33:48","modified_gmt":"2023-08-03T08:33:48","slug":"les-centres-de-boissons","status":"publish","type":"page","link":"https:\/\/tomra.be\/fr\/produits\/les-centres-de-boissons\/","title":{"rendered":"les Centres de boissons"},"content":{"rendered":"\n\n\t\t<h1>Les vidanges dans les Centres de boissons<\/h1>\t\t\n\t\t\t<p><strong>La reprise des vides automatis\u00e9e dans les centres de boissons apporte un service fort appr\u00e9ci\u00e9 par le consommateur. Gr\u00e2ce \u00e0 la flexibilit\u00e9 des configurations TOMRA il y a toujours une solution ad\u00e9quate.<\/strong><\/p>\n\t\t\t<a href=\"https:\/\/tomra.be\/fr\/contact\/\" target=\"_self\" rel=\"noopener\">\n\t\t\t\t\t\t\tDISCUTE LES OPTIONS\n\t\t\t\t\t<\/a>\n\t\t\t\t<img loading=\"lazy\" decoding=\"async\" src=\"https:\/\/tomra.be\/wp-content\/uploads\/2022\/11\/ECO-Wall-Wash-Waste-BE.png\" alt=\"ECO-Wall &amp; Wash-Waste BE\" itemprop=\"image\" height=\"2640\" width=\"3210\" title=\"ECO-Wall &amp; Wash-Waste BE\" onerror=\"this.style.display='none'\"  \/>\n<h2>\n\t\tUne facilit\u00e9 ultime pour le consommateur\n\t<\/h2>\n\t<p>La reprise des vides \u00e9volue de plus en plus vers <a href=\"https:\/\/tomra.be\/fr\/produits\/machines-frontales\/eco-wall\/\">une solution de <\/a><a href=\"https:\/\/tomra.be\/fr\/produits\/machines-frontales\/eco-wall\/\">collecte compl\u00e8te<\/a> afin d&#8217;optimiser l&#8217;exp\u00e9rience d&#8217;achat et le confort pour le client. Compl\u00e9tez l&#8217;exp\u00e9rience par la combinaison de la <a href=\"https:\/\/tomra.be\/fr\/produits\/\">machine de reprise<\/a><a href=\"https:\/\/tomra.be\/fr\/produits\/\"> vidange<\/a> avec un <a href=\"https:\/\/tomra.be\/fr\/produits\/machines-frontales\/wash-waste\/\">Wash &amp; Waste<\/a>, un \u00e9vier en une poubelle enti\u00e8rement dans le style de la maison.<\/p>\n<h2>\n\t\tChaque installation fait sur mesure\n\t<\/h2>\n\t<p>Chaque situation et chaque emplacement sont diff\u00e9rents. C&#8217;est pourquoi nos installations sont toujours faites sur mesure selon les besoins sp\u00e9cifiques de chaque client et ses consommateurs.<\/p>\n<p>Avec les diff\u00e9rentes <a href=\"https:\/\/tomra.be\/fr\/produits\/les-solutions-backroom\/\">solutions backroom<\/a> autant pour int\u00e9rieur qu&#8217;ext\u00e9rieur, toute l&#8217;espace disponible peut \u00eatre utilis\u00e9e, m\u00eame en hauteur avec un spindel motoris\u00e9, une bande \u00e9l\u00e9vatrice et\/ou chemin de roulement RVS.<\/p>\n\t\t\t\t<img loading=\"lazy\" decoding=\"async\" src=\"https:\/\/tomra.be\/wp-content\/uploads\/2022\/09\/Spindel-.jpeg\" alt=\"Spindel\" itemprop=\"image\" height=\"2048\" width=\"1536\" title=\"Spindel\" onerror=\"this.style.display='none'\"  \/>\n\t\t<h2>\t\n\tLa reprise des vides en pratique<\/h2>\t\t\n\t\t\t<p>Depuis plus de 40 ans, notre organisation est leader mondial en mati\u00e8re d&#8217;automatisation de reprise de vidange. Mais nous allons bien plus loin encore. Nous disposons en effet d&#8217;un vaste assortiment de produits permettant d&#8217;identifier, de trier, de collecter et de traiter diff\u00e9rents mat\u00e9riaux.<\/p>\n\t\t\t<img decoding=\"async\" loading='false' src=\"https:\/\/tomra.be\/wp-content\/uploads\/2022\/09\/keyzer-drankencentrale.jpg\" alt=\"leeggoedautomaten bij drankencentrale De Keyzer\" \/>\t\t\t\n\t\t\t\t<h2>De Keyzer Drinks<\/h2><p>L&#8217;installation d&#8217;une T9 et 2 ECO-Walls sont misent \u00e0 la disposition des clients de De Keyzer Drinks pour r\u00e9aliser un service optimal. La table d&#8217;accumulation bouteilles est 6 m de long et le chemin de roulement pour les casiers 30m. Il est pr\u00e9vu de pouvoir \u00e9tendre l&#8217;installation si cela devrait \u00eatre n\u00e9cessaire.<\/p>\n\u00ab Pour des raisons de vitesse et efficacit\u00e9, nous avons choisi pour TOMRA. Nous voulions simplifier le tri de nos vidanges et stimuler le recyclage. En plus de cela nous sommes rassur\u00e9s d&#8217;une reprise des vidanges consign\u00e9es sans erreurs. Pour obtenir cela une technologie avanc\u00e9e est indispensable, car nous avons une multitude de diff\u00e9rents taux de consignes en Belgique. \u00bb<br \/>\n&#8211; Marc De Keyzer, propri\u00e9taire De Keyzer drinks (membre Febed, Prik &amp; Tik)\n<img decoding=\"async\" loading='false' src=\"https:\/\/tomra.be\/wp-content\/uploads\/2022\/09\/keyzer-drankencentrale.jpg\" alt=\"leeggoedautomaten bij drankencentrale De Keyzer\" \/>\t\t\t\n\t\t\t<img decoding=\"async\" loading='false' src=\"https:\/\/tomra.be\/wp-content\/uploads\/2022\/08\/IMG_2501-scaled.jpg\" alt=\"Prik en Tik AsterX Heist op den Berg\" \/>\t\t\t\n\t\t\t\t<h2>Prik en Tik AsterX Heist op den Berg<\/h2><p>La configuration avec 2 fois T9, 95 m de chemin de roulement et un carrousel automatis\u00e9, apporte une exp\u00e9rience sup\u00e9rieure pour la client\u00e8le et le personnel.<\/p>\n\u00ab Gr\u00e2ce \u00e0 l&#8217;installation TOMRA le travail lourd du tri des vidanges fait par nos collaborateurs est r\u00e9duit et il reste plus de temps pour s&#8217;occuper de la client\u00e8le. Ainsi, les circonstances du travail de nos collaborateurs s&#8217;am\u00e9liorent et nos clients peuvent profiter d&#8217;avantages du service apport\u00e9 par le personnel \u00bb.<br \/>\n&#8211; Ruben Devrieze, propri\u00e9taire AsterX Dranken.\n<img decoding=\"async\" loading='false' src=\"https:\/\/tomra.be\/wp-content\/uploads\/2022\/08\/IMG_2501-scaled.jpg\" alt=\"Prik en Tik AsterX Heist op den Berg\" \/>\t\t\t\n\t\t\t<img decoding=\"async\" loading='false' src=\"https:\/\/tomra.be\/wp-content\/uploads\/2022\/08\/6c42d044-16fa-4c05-a1c3-ca5adee6a033.jpg\" alt=\"Prik en Tik Melle\" \/>\t\t\t\n\t\t\t\t<h2>Prik en Tik Melle<\/h2><p>Le magasin a install\u00e9 3 automates T9 pour la reprise des bouteilles et casiers. Apr\u00e8s la remise les casiers vont dans un spindel motoris\u00e9 de 3m de haut, ensuite transport\u00e9s 20m \u00e0 travers le magasin et enfin palettis\u00e9s 300m plus loin.<\/p>\n\u00ab Suite \u00e0 une pr\u00e9paration optimale l&#8217;installation s&#8217;est d\u00e9roul\u00e9e impeccable et fonctionne parfaitement d\u00e8s le premier jour \u00bb<br \/>\n&#8211; Nicolas De Groote, propri\u00e9taire Prik &amp; Tik Bierhalle.\n<img decoding=\"async\" loading='false' src=\"https:\/\/tomra.be\/wp-content\/uploads\/2022\/08\/6c42d044-16fa-4c05-a1c3-ca5adee6a033.jpg\" alt=\"Prik en Tik Melle\" \/>\t\t\t\n\t\t\t<img decoding=\"async\" loading='false' src=\"https:\/\/tomra.be\/wp-content\/uploads\/2022\/09\/bollaert-drankencentrale-scaled.jpg\" alt=\"leeggoedautomaat bij wijnhuis Bollaert\" \/>\t\t\t\n\t\t\t\t<h2>Wijnhuis Bollaert<\/h2><p>La configuration de la T9 avec Wash&amp;Waste cr\u00e9e une exp\u00e9rience ultime pour le consommateur. A l&#8217;arri\u00e8re on retrouve 75m de chemin de roulement avec 3 longues bandes \u00e9l\u00e9vatrices type Z, qui montent jusqu&#8217;\u00e0 une hauteur de 2,85m.<\/p>\n\u00ab L&#8217;installation vaux absolument son investissement. Nos clients sont tr\u00e8s satisfaits de cette fa\u00e7on de reprendre leurs vidanges \u00bb.<br \/>\n&#8211; Freddy Bollaert, zaakvoerder wijnhuis Bollaert\n<img decoding=\"async\" loading='false' src=\"https:\/\/tomra.be\/wp-content\/uploads\/2022\/09\/bollaert-drankencentrale-scaled.jpg\" alt=\"leeggoedautomaat bij wijnhuis Bollaert\" \/>\t\t\t\n\t\t\t\t<a href=\"#\" aria-label=\"previous\" role=\"button\">\n<\/a>\n\t\t\t\t<a href=\"#\" aria-label=\"next\" role=\"button\">\n<\/a>\n\t\t<h2>\t\n\tAutomates recommand\u00e9s<\/h2>\t\t\n\t\t\t\t<img loading=\"lazy\" decoding=\"async\" src=\"https:\/\/tomra.be\/wp-content\/uploads\/2022\/11\/TOMRA-T9-leeggoedautomaat-voorzijde.png\" alt=\"TOMRA T9 leeggoedautomaat voorzijde\" itemprop=\"image\" height=\"2552\" width=\"902\" title=\"TOMRA T9 leeggoedautomaat voorzijde\" onerror=\"this.style.display='none'\"  \/>\n\t\t\t<h3>T9<\/h3><h4>La nouvelle g\u00e9n\u00e9ration<\/h4>\t\t\t\n\t\t\t\t<p>La T9 est notre pr\u00e9mium machine de reprise vidange, \u00e9quip\u00e9e de la TOMRA Flow Technology\u2122. Il s&#8217;agit de la premi\u00e8re machine dans le monde qui dispose d&#8217;une reconnaissance de 360\u00b0 des emballages.<br \/>Fait connaissance du nouveau standard pour la d\u00e9cennie \u00e0 venir.<\/p>\n\t\t\t<a href=\"https:\/\/tomra.be\/fr\/produits\/machines-frontales\/t-9\/\" target=\"_self\" role=\"button\" aria-label=\"PLUS SUR LA T9\" rel=\"noopener\">\n\t\t\t\t\t\t\tPLUS SUR LA T9\n\t\t<\/a>\n\t\t\t<h3>EasyPac\u2122<\/h3>\t\t\t\n\t\t\t\t<p>EasyPac\u2122 tri et compacte les emballages reprises. Cette solution backroom est bas\u00e9e sur un principe modulaire tout \u00e0 fait nouveau, qui donne une flexibilit\u00e9 absolue. Chaque compartiment est un module ind\u00e9pendant avec unit\u00e9 de tri, compacteur et stockage pour 1 ou 2 fractions.<\/p>\n\t\t\t<a href=\"https:\/\/tomra.be\/fr\/produits\/les-solutions-backroom\/easypac\/\" target=\"_self\" role=\"button\" aria-label=\"PLUS SUR L'EASY PAC\" rel=\"noopener\">\n\t\t\t\t\t\t\tPLUS SUR L&#8217;EASY PAC\n\t\t<\/a>\n\t\t\t\t<img loading=\"lazy\" decoding=\"async\" src=\"https:\/\/tomra.be\/wp-content\/uploads\/2022\/08\/EasyPac_2-website-2048x1272-1.png\" alt=\"TOMRA EasyPac 2\" itemprop=\"image\" height=\"1272\" width=\"2048\" title=\"EasyPac_2-website-2048x1272\" onerror=\"this.style.display='none'\"  \/>\n\t\t\t\t<img loading=\"lazy\" decoding=\"async\" src=\"https:\/\/tomra.be\/wp-content\/uploads\/2018\/07\/TOMRA-Backroom-haaks-vrij.png\" alt=\"TOMRA backroom Table &amp; chemin \u00e0 rouleaux\" itemprop=\"image\" height=\"713\" width=\"990\" title=\"TOMRA backroom Table &amp; chemin \u00e0 rouleaux\" onerror=\"this.style.display='none'\"  \/>\n\t\t\t<h3>Table &#038; Chemin de roulements<\/h3>\t\t\t\n\t\t\t\t<p>Exemple d&#8217;une configuration axiale avec combi, table avec \u00e9tag\u00e8re de tri et chemin de roulements terminant \u00e0 hauteur ergonomique.<\/p>\n\t\t\t<a href=\"https:\/\/tomra.be\/fr\/produits\/les-solutions-backroom\/table-chemin-a-rouleaux\/\" target=\"_self\" role=\"button\" aria-label=\"PLUS SUR TABLE &amp; CHEMIN DE ROULEMENTS\" rel=\"noopener\">\n\t\t\t\t\t\t\tPLUS SUR TABLE &#038; CHEMIN DE ROULEMENTS\n\t\t<\/a>\n\t\t\t<h3>ECO-Wall<\/h3><h4>Syst\u00e8me de collecte<\/h4>\t\t\t\n\t\t\t\t<p>Le T9 ECO-Wall s&#8217;accorde parfaitement avec l&#8217;automate TOMRA T9. Ensemble ils donnent la possibilit\u00e9 \u00e0 la client\u00e8le de retourner leurs mat\u00e9riaux recyclables \u00e0 un seul endroit. On peut d\u00e9finir soi-m\u00eame les mat\u00e9riaux \u00e0 r\u00e9cup\u00e9rer et personnaliser son l&#8217;ECO-Wall.<\/p>\n\t\t\t<a href=\"https:\/\/tomra.be\/fr\/produits\/machines-frontales\/eco-wall\/\" target=\"_self\" role=\"button\" aria-label=\"PLUS SUR ECO-WALL\" rel=\"noopener\">\n\t\t\t\t\t\t\tPLUS SUR ECO-WALL\n\t\t<\/a>\n\t\t\t\t<img loading=\"lazy\" decoding=\"async\" src=\"https:\/\/tomra.be\/wp-content\/uploads\/2022\/11\/ECO-Wall-BE-naast-T9-leeggoedautomaat.png\" alt=\"ECO-Wall BE naast T9 leeggoedautomaat\" itemprop=\"image\" height=\"2640\" width=\"3210\" title=\"ECO-Wall BE naast T9 leeggoedautomaat\" onerror=\"this.style.display='none'\"  \/>\n\t\t\t\t<img loading=\"lazy\" decoding=\"async\" src=\"https:\/\/tomra.be\/wp-content\/uploads\/2022\/11\/TOMRA-T9-leeggoedautomaat-en-WashWaste-kopie.png\" alt=\"TOMRA T9 leeggoedautomaat en Wash&amp;Waste kopie\" itemprop=\"image\" height=\"2048\" width=\"1440\" title=\"TOMRA T9 leeggoedautomaat en Wash&amp;Waste kopie\" onerror=\"this.style.display='none'\"  \/>\n\t\t\t<h3>Wash &#038; Waste<\/h3><h4>Pratique pour le client<\/h4>\t\t\t\n\t\t\t\t<p>La reprise des vides \u00e9volue plus souvent d&#8217;un seul automate de reprise vers une solution de collecte compl\u00e8te afin d&#8217;optimiser l&#8217;exp\u00e9rience d&#8217;achat et le confort pour le client. Le parfait exemple est le Wash &amp; Waste, un \u00e9vier en une poubelle enti\u00e8rement dans le style de la machine.<\/p>\n\t\t\t<a href=\"https:\/\/tomra.be\/fr\/produits\/machines-frontales\/wash-waste\/\" target=\"_self\" role=\"button\" aria-label=\"PLUS SUR LE WASH &amp; WASTE\" rel=\"noopener\">\n\t\t\t\t\t\t\tPLUS SUR LE WASH &#038; WASTE\n\t\t<\/a>\n<h2>\n\t\tQuestions fr\u00e9quemment pos\u00e9es\n\t<\/h2>\n\t\t\t\t\t\t\t\t\t\t<h3 tabindex=\"0\">Comment fonctionne un automate de reprise vidange?<\/h3>\n\t\t\t\t\t<p>Autour de l&#8217;ouverture de la partie bouteilles de l&#8217;automate il y a 6 cam\u00e9ras qui d\u00e9tectent la forme et le code-\u00e0-barre de l&#8217;emballage. Simultan\u00e9ment l&#8217;emballage est pes\u00e9 et reconnu par son type de mat\u00e9riel. La technologie appliqu\u00e9e pour la reconnaissance des emballages \u00e0 boissons est la TOMRA Flow Technology\u2122 patent\u00e9e. Cette technologie garantie un niveau exceptionnel d&#8217;efficacit\u00e9 et fiabilit\u00e9 op\u00e9rationnelle.<\/p>\n<p>Quand le consommateur rapporte un casier, la TOMRA True Vision\u2122 technologie patent\u00e9e est utilis\u00e9e. Des cam\u00e9ras d\u00e9terminent la couleur, les dimensions, la forme et le logo du casier.<br \/>En m\u00eame temps 2 cam\u00e9ras contr\u00f4lent la couleur, la hauteur et la forme du goulot des bouteilles dans le casier. Si par hasard le casier contient une bouteille non consign\u00e9e, la machine indiquera \u00e0 l&#8217;\u00e9cran d&#8217;enlever la mauvaise bouteille.<\/p>\n\t\t\t\t\t\t\t\t\t\t<h3 tabindex=\"0\">Quel est l&#8217;avantage environnemental de la machine reprise vidange?<\/h3>\n\t\t\t\t\tChaque ann\u00e9e on reprend mondialement 40 Millard d&#8217;emballages de boissons via nos automates qui ainsi sont pr\u00eats pour \u00eatre r\u00e9utilis\u00e9s ou recycl\u00e9s en \u00ab closed loop \u00bb. Ceci veut dire que l&#8217;on reproduit d&#8217;une bouteille une nouvelle. Chez TOMRA on appelle cela<br \/>\n&#8216;Clean Loop Recycling&#8217;. Ceci r\u00e9duit la d\u00e9pendance de nouveaux mati\u00e8res premi\u00e8res et diminue le nombre d&#8217;emballages qui aboutissent dans nos rues, oc\u00e9ans et d\u00e9charges.\n\t\t\t\t\t\t\t\t\t\t<h3 tabindex=\"0\">Quel est le prix d&#8217;un automate de reprise vidange?<\/h3>\n\t\t\t\t\t<p>Le prix d&#8217;un automate d\u00e9pend de la configuration id\u00e9ale pour la localit\u00e9 concern\u00e9e. Ceci d\u00e9pend entre autres de :<\/p>\n<p>\u2022 Le nombre et le type d&#8217;emballages qui revient chaque semaine.<br \/>\u2022 La fr\u00e9quence d\u00e9sir\u00e9e des vidanges et interventions sont li\u00e9es \u00e0 la capacit\u00e9 de stockage.<br \/>\u2022 La place disponible pour organiser la reprise.<br \/>\u2022 Le niveau de service \u00e0 la client\u00e8le d\u00e9sir\u00e9.<\/p>\n<p><a href=\"https:\/\/tomra.be\/fr\/contact\/\">Contactez TOMRA<\/a> pour un conseil sur mesure.<\/p>\n<h2>\n\t\tPourqoui TOMRA?\n\t<\/h2>\n<h3>\n\t\tLeader mondiale\n\t<\/h3>\n\t<p>TOMRA est leader mondiale avec plus de 75.000 installations dans plus de 60 march\u00e9s.<\/p>\n<h3>\n\t\tService 6 jours par semaine\n\t<\/h3>\n\t<p>Nous disposons d&#8217;une propre organisation vaste de service, disponible 6 jours de la semaine.<\/p>\n<h3>\n\t\tDu sur mesure\n\t<\/h3>\n\t<p>Le choix de la solution d\u00e9pend de l&#8217;environnement. Chaque installation TOMRA est du sur mesure.<\/p>\n<h3>\n\t\tAssortiment \u00e9tendu\n\t<\/h3>\n\t<p>Assortiment complet de possibilit\u00e9s pour la reprise des vides, options compl\u00e9mentaires et service apr\u00e8s-vente.<\/p>\n<h3>\n\t\tTechnologie innovative\n\t<\/h3>\n\t<p>Technologie bas\u00e9e sur une entreprise efficace pour \u00e9viter des files d&#8217;attentes.<\/p>\n<h3>\n\t\tPartenaire fialble\n\t<\/h3>\n\t<p>Fiabilit\u00e9 et duret\u00e9 importante des automates et installations backroom.<\/p>\n<h3>\n\t\tProtection anti-fraude\n\t<\/h3>\n\t<p>Des technologies de reconnaissances patent\u00e9es afin d&#8217;\u00e9viter la fraude avec les consignes.<\/p>\n<h3>\n\t\tFaible consommation d&#8217;\u00e9nergie\n\t<\/h3>\n\t<p>Lors du d\u00e9veloppement des automates on tient compte d&#8217;une consommation d&#8217;\u00e9nergie au plus bas.<\/p>\n<h3>\n\t\tToutes expertise sous un seul toit\n\t<\/h3>\n\t<p>Des sp\u00e9cialistes de produits sont disponibles pour des situations complexes<\/p>\n\t<h2>En savoir plus?<\/h2>\n\t\t\t<a href=\"https:\/\/tomra.be\/fr\/contact\/\" target=\"_self\" rel=\"noopener\">\n\t\t\t\t\t\t\tCONTACTEZ-NOUS\n\t\t\t<\/a>\n\n","protected":false},"excerpt":{"rendered":"<p>Les vidanges dans les Centres de boissons La reprise des vides automatis\u00e9e dans les centres de boissons apporte un service fort appr\u00e9ci\u00e9 par le consommateur. Gr\u00e2ce \u00e0 la flexibilit\u00e9 des configurations TOMRA il y a toujours une solution ad\u00e9quate. DISCUTE LES OPTIONS Une facilit\u00e9 ultime pour le consommateur La reprise des vides \u00e9volue de plus&hellip;<\/p>\n","protected":false},"author":22,"featured_media":0,"parent":9232,"menu_order":0,"comment_status":"closed","ping_status":"closed","template":"","meta":{"_acf_changed":false,"footnotes":""},"class_list":["post-11946","page","type-page","status-publish","hentry"],"acf":[],"yoast_head":"<!-- This site is optimized with the Yoast SEO plugin v25.3.1 - https:\/\/yoast.com\/wordpress\/plugins\/seo\/ -->\n<title>Les vidanges dans les Centres de boissons<\/title>\n<meta name=\"description\" content=\"La reprise des vides automatis\u00e9e dans les centres de boissons apporte un service fort appr\u00e9ci\u00e9 par le consommateur. Gr\u00e2ce \u00e0 la flexibilit\u00e9 des configurations Tomra il y a toujours une solution ad\u00e9quate.\" \/>\n<meta name=\"robots\" content=\"index, follow, max-snippet:-1, max-image-preview:large, max-video-preview:-1\" \/>\n<link rel=\"canonical\" href=\"https:\/\/tomra.be\/fr\/produits\/les-centres-de-boissons\/\" \/>\n<meta property=\"og:locale\" content=\"fr_FR\" \/>\n<meta property=\"og:type\" content=\"article\" \/>\n<meta property=\"og:title\" content=\"Les vidanges dans les Centres de boissons\" \/>\n<meta property=\"og:description\" content=\"La reprise des vides automatis\u00e9e dans les centres de boissons apporte un service fort appr\u00e9ci\u00e9 par le consommateur. Gr\u00e2ce \u00e0 la flexibilit\u00e9 des configurations Tomra il y a toujours une solution ad\u00e9quate.\" \/>\n<meta property=\"og:url\" content=\"https:\/\/tomra.be\/fr\/produits\/les-centres-de-boissons\/\" \/>\n<meta property=\"og:site_name\" content=\"TOMRA Collection Belgi\u00eb\" \/>\n<meta property=\"article:modified_time\" content=\"2023-08-03T08:33:48+00:00\" \/>\n<meta property=\"og:image\" content=\"https:\/\/tomra.be\/wp-content\/uploads\/2022\/11\/ECO-Wall-Wash-Waste-BE.png\" \/>\n<meta name=\"twitter:card\" content=\"summary_large_image\" \/>\n<meta name=\"twitter:label1\" content=\"Est. reading time\" \/>\n\t<meta name=\"twitter:data1\" content=\"7 minutes\" \/>\n<script type=\"application\/ld+json\" class=\"yoast-schema-graph\">{\"@context\":\"https:\/\/schema.org\",\"@graph\":[{\"@type\":\"WebPage\",\"@id\":\"https:\/\/tomra.be\/fr\/produits\/les-centres-de-boissons\/\",\"url\":\"https:\/\/tomra.be\/fr\/produits\/les-centres-de-boissons\/\",\"name\":\"Les vidanges dans les Centres de boissons\",\"isPartOf\":{\"@id\":\"https:\/\/tomra.be\/#website\"},\"primaryImageOfPage\":{\"@id\":\"https:\/\/tomra.be\/fr\/produits\/les-centres-de-boissons\/#primaryimage\"},\"image\":{\"@id\":\"https:\/\/tomra.be\/fr\/produits\/les-centres-de-boissons\/#primaryimage\"},\"thumbnailUrl\":\"https:\/\/tomra.be\/wp-content\/uploads\/2022\/11\/ECO-Wall-Wash-Waste-BE.png\",\"datePublished\":\"2022-10-17T11:20:56+00:00\",\"dateModified\":\"2023-08-03T08:33:48+00:00\",\"description\":\"La reprise des vides automatis\u00e9e dans les centres de boissons apporte un service fort appr\u00e9ci\u00e9 par le consommateur. Gr\u00e2ce \u00e0 la flexibilit\u00e9 des configurations Tomra il y a toujours une solution ad\u00e9quate.\",\"breadcrumb\":{\"@id\":\"https:\/\/tomra.be\/fr\/produits\/les-centres-de-boissons\/#breadcrumb\"},\"inLanguage\":\"fr-FR\",\"potentialAction\":[{\"@type\":\"ReadAction\",\"target\":[\"https:\/\/tomra.be\/fr\/produits\/les-centres-de-boissons\/\"]}]},{\"@type\":\"ImageObject\",\"inLanguage\":\"fr-FR\",\"@id\":\"https:\/\/tomra.be\/fr\/produits\/les-centres-de-boissons\/#primaryimage\",\"url\":\"https:\/\/tomra.be\/wp-content\/uploads\/2022\/11\/ECO-Wall-Wash-Waste-BE.png\",\"contentUrl\":\"https:\/\/tomra.be\/wp-content\/uploads\/2022\/11\/ECO-Wall-Wash-Waste-BE.png\"},{\"@type\":\"BreadcrumbList\",\"@id\":\"https:\/\/tomra.be\/fr\/produits\/les-centres-de-boissons\/#breadcrumb\",\"itemListElement\":[{\"@type\":\"ListItem\",\"position\":1,\"name\":\"Home\",\"item\":\"https:\/\/tomra.be\/fr\/\"},{\"@type\":\"ListItem\",\"position\":2,\"name\":\"Produits\",\"item\":\"https:\/\/tomra.be\/fr\/produits\/\"},{\"@type\":\"ListItem\",\"position\":3,\"name\":\"les Centres de boissons\"}]},{\"@type\":\"WebSite\",\"@id\":\"https:\/\/tomra.be\/#website\",\"url\":\"https:\/\/tomra.be\/\",\"name\":\"TOMRA Collection Belgi\u00eb\",\"description\":\"\",\"potentialAction\":[{\"@type\":\"SearchAction\",\"target\":{\"@type\":\"EntryPoint\",\"urlTemplate\":\"https:\/\/tomra.be\/?s={search_term_string}\"},\"query-input\":{\"@type\":\"PropertyValueSpecification\",\"valueRequired\":true,\"valueName\":\"search_term_string\"}}],\"inLanguage\":\"fr-FR\"}]}<\/script>\n<!-- \/ Yoast SEO plugin. -->","yoast_head_json":{"title":"Les vidanges dans les Centres de boissons","description":"La reprise des vides automatis\u00e9e dans les centres de boissons apporte un service fort appr\u00e9ci\u00e9 par le consommateur. Gr\u00e2ce \u00e0 la flexibilit\u00e9 des configurations Tomra il y a toujours une solution ad\u00e9quate.","robots":{"index":"index","follow":"follow","max-snippet":"max-snippet:-1","max-image-preview":"max-image-preview:large","max-video-preview":"max-video-preview:-1"},"canonical":"https:\/\/tomra.be\/fr\/produits\/les-centres-de-boissons\/","og_locale":"fr_FR","og_type":"article","og_title":"Les vidanges dans les Centres de boissons","og_description":"La reprise des vides automatis\u00e9e dans les centres de boissons apporte un service fort appr\u00e9ci\u00e9 par le consommateur. Gr\u00e2ce \u00e0 la flexibilit\u00e9 des configurations Tomra il y a toujours une solution ad\u00e9quate.","og_url":"https:\/\/tomra.be\/fr\/produits\/les-centres-de-boissons\/","og_site_name":"TOMRA Collection Belgi\u00eb","article_modified_time":"2023-08-03T08:33:48+00:00","og_image":[{"url":"https:\/\/tomra.be\/wp-content\/uploads\/2022\/11\/ECO-Wall-Wash-Waste-BE.png","type":"","width":"","height":""}],"twitter_card":"summary_large_image","twitter_misc":{"Est. reading time":"7 minutes"},"schema":{"@context":"https:\/\/schema.org","@graph":[{"@type":"WebPage","@id":"https:\/\/tomra.be\/fr\/produits\/les-centres-de-boissons\/","url":"https:\/\/tomra.be\/fr\/produits\/les-centres-de-boissons\/","name":"Les vidanges dans les Centres de boissons","isPartOf":{"@id":"https:\/\/tomra.be\/#website"},"primaryImageOfPage":{"@id":"https:\/\/tomra.be\/fr\/produits\/les-centres-de-boissons\/#primaryimage"},"image":{"@id":"https:\/\/tomra.be\/fr\/produits\/les-centres-de-boissons\/#primaryimage"},"thumbnailUrl":"https:\/\/tomra.be\/wp-content\/uploads\/2022\/11\/ECO-Wall-Wash-Waste-BE.png","datePublished":"2022-10-17T11:20:56+00:00","dateModified":"2023-08-03T08:33:48+00:00","description":"La reprise des vides automatis\u00e9e dans les centres de boissons apporte un service fort appr\u00e9ci\u00e9 par le consommateur. Gr\u00e2ce \u00e0 la flexibilit\u00e9 des configurations Tomra il y a toujours une solution ad\u00e9quate.","breadcrumb":{"@id":"https:\/\/tomra.be\/fr\/produits\/les-centres-de-boissons\/#breadcrumb"},"inLanguage":"fr-FR","potentialAction":[{"@type":"ReadAction","target":["https:\/\/tomra.be\/fr\/produits\/les-centres-de-boissons\/"]}]},{"@type":"ImageObject","inLanguage":"fr-FR","@id":"https:\/\/tomra.be\/fr\/produits\/les-centres-de-boissons\/#primaryimage","url":"https:\/\/tomra.be\/wp-content\/uploads\/2022\/11\/ECO-Wall-Wash-Waste-BE.png","contentUrl":"https:\/\/tomra.be\/wp-content\/uploads\/2022\/11\/ECO-Wall-Wash-Waste-BE.png"},{"@type":"BreadcrumbList","@id":"https:\/\/tomra.be\/fr\/produits\/les-centres-de-boissons\/#breadcrumb","itemListElement":[{"@type":"ListItem","position":1,"name":"Home","item":"https:\/\/tomra.be\/fr\/"},{"@type":"ListItem","position":2,"name":"Produits","item":"https:\/\/tomra.be\/fr\/produits\/"},{"@type":"ListItem","position":3,"name":"les Centres de boissons"}]},{"@type":"WebSite","@id":"https:\/\/tomra.be\/#website","url":"https:\/\/tomra.be\/","name":"TOMRA Collection Belgi\u00eb","description":"","potentialAction":[{"@type":"SearchAction","target":{"@type":"EntryPoint","urlTemplate":"https:\/\/tomra.be\/?s={search_term_string}"},"query-input":{"@type":"PropertyValueSpecification","valueRequired":true,"valueName":"search_term_string"}}],"inLanguage":"fr-FR"}]}},"_links":{"self":[{"href":"https:\/\/tomra.be\/fr\/wp-json\/wp\/v2\/pages\/11946","targetHints":{"allow":["GET"]}}],"collection":[{"href":"https:\/\/tomra.be\/fr\/wp-json\/wp\/v2\/pages"}],"about":[{"href":"https:\/\/tomra.be\/fr\/wp-json\/wp\/v2\/types\/page"}],"author":[{"embeddable":true,"href":"https:\/\/tomra.be\/fr\/wp-json\/wp\/v2\/users\/22"}],"replies":[{"embeddable":true,"href":"https:\/\/tomra.be\/fr\/wp-json\/wp\/v2\/comments?post=11946"}],"version-history":[{"count":10,"href":"https:\/\/tomra.be\/fr\/wp-json\/wp\/v2\/pages\/11946\/revisions"}],"predecessor-version":[{"id":12604,"href":"https:\/\/tomra.be\/fr\/wp-json\/wp\/v2\/pages\/11946\/revisions\/12604"}],"up":[{"embeddable":true,"href":"https:\/\/tomra.be\/fr\/wp-json\/wp\/v2\/pages\/9232"}],"wp:attachment":[{"href":"https:\/\/tomra.be\/fr\/wp-json\/wp\/v2\/media?parent=11946"}],"curies":[{"name":"wp","href":"https:\/\/api.w.org\/{rel}","templated":true}]}}